{"id":1248,"date":"2023-06-12T11:24:10","date_gmt":"2023-06-12T09:24:10","guid":{"rendered":"https:\/\/chantreuil.fr\/the-company\/"},"modified":"2023-10-09T11:08:51","modified_gmt":"2023-10-09T09:08:51","slug":"the-company","status":"publish","type":"page","link":"https:\/\/chantreuil.fr\/en\/the-company\/","title":{"rendered":"The company"},"content":{"rendered":"\n<h2 class=\"wp-block-heading\">Our history<\/h2>\n\n\n\n<div style=\"height:5vh\" aria-hidden=\"true\" class=\"wp-block-spacer\"><\/div>\n\n\n<div id=\"timeline\">\n            <div class=\"arrows\">\n            <span class=\"arrow prev\"><span class=\"icon-chevron-left\"><\/span><\/span>\n            <span class=\"arrow next\"><span class=\"icon-chevron-right\"><\/span><\/span>\n        <\/div>\n        <div class=\"row navigation\">\n                            <div class=\"col-9 col-md-5 text-center item-nav\">\n                    <svg width=\"38\" height=\"37\" viewBox=\"0 0 38 37\" fill=\"none\" xmlns=\"http:\/\/www.w3.org\/2000\/svg\">\n<rect x=\"0.789673\" width=\"36.4207\" height=\"36.4218\" rx=\"18.2103\" fill=\"white\"\/>\n<path d=\"M22.5888 14.6217C23.5067 15.5397 24.0748 16.8094 24.0748 18.2109C24.0748 21.0137 21.8026 23.286 19 23.286C16.1974 23.286 13.9252 21.0137 13.9252 18.2109C13.9252 16.8094 14.4933 15.5416 15.4112 14.6217L13.1935 12.4039C11.7076 13.89 10.7897 15.9423 10.7897 18.2109C10.7897 22.7462 14.465 26.4218 19 26.4218C23.535 26.4218 27.2103 22.7462 27.2103 18.2109C27.2103 15.9441 26.2905 13.89 24.8065 12.4039L22.5888 14.6217Z\" fill=\"#2E3B57\"\/>\n<path d=\"M14.986 11.0478L19.0018 15.0639L23.0176 11.0478C21.8307 10.38 20.4614 10 19.0018 10C17.5422 10 16.1747 10.38 14.986 11.0478Z\" fill=\"#C73338\"\/>\n<\/svg>\n                <\/div>\n                            <div class=\"col-9 col-md-5 text-center item-nav\">\n                    <svg width=\"38\" height=\"37\" viewBox=\"0 0 38 37\" fill=\"none\" xmlns=\"http:\/\/www.w3.org\/2000\/svg\">\n<rect x=\"0.789673\" width=\"36.4207\" height=\"36.4218\" rx=\"18.2103\" fill=\"white\"\/>\n<path d=\"M22.5888 14.6217C23.5067 15.5397 24.0748 16.8094 24.0748 18.2109C24.0748 21.0137 21.8026 23.286 19 23.286C16.1974 23.286 13.9252 21.0137 13.9252 18.2109C13.9252 16.8094 14.4933 15.5416 15.4112 14.6217L13.1935 12.4039C11.7076 13.89 10.7897 15.9423 10.7897 18.2109C10.7897 22.7462 14.465 26.4218 19 26.4218C23.535 26.4218 27.2103 22.7462 27.2103 18.2109C27.2103 15.9441 26.2905 13.89 24.8065 12.4039L22.5888 14.6217Z\" fill=\"#2E3B57\"\/>\n<path d=\"M14.986 11.0478L19.0018 15.0639L23.0176 11.0478C21.8307 10.38 20.4614 10 19.0018 10C17.5422 10 16.1747 10.38 14.986 11.0478Z\" fill=\"#C73338\"\/>\n<\/svg>\n                <\/div>\n                            <div class=\"col-9 col-md-5 text-center item-nav\">\n                    <svg width=\"38\" height=\"37\" viewBox=\"0 0 38 37\" fill=\"none\" xmlns=\"http:\/\/www.w3.org\/2000\/svg\">\n<rect x=\"0.789673\" width=\"36.4207\" height=\"36.4218\" rx=\"18.2103\" fill=\"white\"\/>\n<path d=\"M22.5888 14.6217C23.5067 15.5397 24.0748 16.8094 24.0748 18.2109C24.0748 21.0137 21.8026 23.286 19 23.286C16.1974 23.286 13.9252 21.0137 13.9252 18.2109C13.9252 16.8094 14.4933 15.5416 15.4112 14.6217L13.1935 12.4039C11.7076 13.89 10.7897 15.9423 10.7897 18.2109C10.7897 22.7462 14.465 26.4218 19 26.4218C23.535 26.4218 27.2103 22.7462 27.2103 18.2109C27.2103 15.9441 26.2905 13.89 24.8065 12.4039L22.5888 14.6217Z\" fill=\"#2E3B57\"\/>\n<path d=\"M14.986 11.0478L19.0018 15.0639L23.0176 11.0478C21.8307 10.38 20.4614 10 19.0018 10C17.5422 10 16.1747 10.38 14.986 11.0478Z\" fill=\"#C73338\"\/>\n<\/svg>\n                <\/div>\n                            <div class=\"col-9 col-md-5 text-center item-nav\">\n                    <svg width=\"38\" height=\"37\" viewBox=\"0 0 38 37\" fill=\"none\" xmlns=\"http:\/\/www.w3.org\/2000\/svg\">\n<rect x=\"0.789673\" width=\"36.4207\" height=\"36.4218\" rx=\"18.2103\" fill=\"white\"\/>\n<path d=\"M22.5888 14.6217C23.5067 15.5397 24.0748 16.8094 24.0748 18.2109C24.0748 21.0137 21.8026 23.286 19 23.286C16.1974 23.286 13.9252 21.0137 13.9252 18.2109C13.9252 16.8094 14.4933 15.5416 15.4112 14.6217L13.1935 12.4039C11.7076 13.89 10.7897 15.9423 10.7897 18.2109C10.7897 22.7462 14.465 26.4218 19 26.4218C23.535 26.4218 27.2103 22.7462 27.2103 18.2109C27.2103 15.9441 26.2905 13.89 24.8065 12.4039L22.5888 14.6217Z\" fill=\"#2E3B57\"\/>\n<path d=\"M14.986 11.0478L19.0018 15.0639L23.0176 11.0478C21.8307 10.38 20.4614 10 19.0018 10C17.5422 10 16.1747 10.38 14.986 11.0478Z\" fill=\"#C73338\"\/>\n<\/svg>\n                <\/div>\n                            <div class=\"col-9 col-md-5 text-center item-nav\">\n                    <svg width=\"38\" height=\"37\" viewBox=\"0 0 38 37\" fill=\"none\" xmlns=\"http:\/\/www.w3.org\/2000\/svg\">\n<rect x=\"0.789673\" width=\"36.4207\" height=\"36.4218\" rx=\"18.2103\" fill=\"white\"\/>\n<path d=\"M22.5888 14.6217C23.5067 15.5397 24.0748 16.8094 24.0748 18.2109C24.0748 21.0137 21.8026 23.286 19 23.286C16.1974 23.286 13.9252 21.0137 13.9252 18.2109C13.9252 16.8094 14.4933 15.5416 15.4112 14.6217L13.1935 12.4039C11.7076 13.89 10.7897 15.9423 10.7897 18.2109C10.7897 22.7462 14.465 26.4218 19 26.4218C23.535 26.4218 27.2103 22.7462 27.2103 18.2109C27.2103 15.9441 26.2905 13.89 24.8065 12.4039L22.5888 14.6217Z\" fill=\"#2E3B57\"\/>\n<path d=\"M14.986 11.0478L19.0018 15.0639L23.0176 11.0478C21.8307 10.38 20.4614 10 19.0018 10C17.5422 10 16.1747 10.38 14.986 11.0478Z\" fill=\"#C73338\"\/>\n<\/svg>\n                <\/div>\n                            <div class=\"col-9 col-md-5 text-center item-nav\">\n                    <svg width=\"38\" height=\"37\" viewBox=\"0 0 38 37\" fill=\"none\" xmlns=\"http:\/\/www.w3.org\/2000\/svg\">\n<rect x=\"0.789673\" width=\"36.4207\" height=\"36.4218\" rx=\"18.2103\" fill=\"white\"\/>\n<path d=\"M22.5888 14.6217C23.5067 15.5397 24.0748 16.8094 24.0748 18.2109C24.0748 21.0137 21.8026 23.286 19 23.286C16.1974 23.286 13.9252 21.0137 13.9252 18.2109C13.9252 16.8094 14.4933 15.5416 15.4112 14.6217L13.1935 12.4039C11.7076 13.89 10.7897 15.9423 10.7897 18.2109C10.7897 22.7462 14.465 26.4218 19 26.4218C23.535 26.4218 27.2103 22.7462 27.2103 18.2109C27.2103 15.9441 26.2905 13.89 24.8065 12.4039L22.5888 14.6217Z\" fill=\"#2E3B57\"\/>\n<path d=\"M14.986 11.0478L19.0018 15.0639L23.0176 11.0478C21.8307 10.38 20.4614 10 19.0018 10C17.5422 10 16.1747 10.38 14.986 11.0478Z\" fill=\"#C73338\"\/>\n<\/svg>\n                <\/div>\n                            <div class=\"col-9 col-md-5 text-center item-nav\">\n                    <svg width=\"38\" height=\"37\" viewBox=\"0 0 38 37\" fill=\"none\" xmlns=\"http:\/\/www.w3.org\/2000\/svg\">\n<rect x=\"0.789673\" width=\"36.4207\" height=\"36.4218\" rx=\"18.2103\" fill=\"white\"\/>\n<path d=\"M22.5888 14.6217C23.5067 15.5397 24.0748 16.8094 24.0748 18.2109C24.0748 21.0137 21.8026 23.286 19 23.286C16.1974 23.286 13.9252 21.0137 13.9252 18.2109C13.9252 16.8094 14.4933 15.5416 15.4112 14.6217L13.1935 12.4039C11.7076 13.89 10.7897 15.9423 10.7897 18.2109C10.7897 22.7462 14.465 26.4218 19 26.4218C23.535 26.4218 27.2103 22.7462 27.2103 18.2109C27.2103 15.9441 26.2905 13.89 24.8065 12.4039L22.5888 14.6217Z\" fill=\"#2E3B57\"\/>\n<path d=\"M14.986 11.0478L19.0018 15.0639L23.0176 11.0478C21.8307 10.38 20.4614 10 19.0018 10C17.5422 10 16.1747 10.38 14.986 11.0478Z\" fill=\"#C73338\"\/>\n<\/svg>\n                <\/div>\n                    <\/div>\n        <div class=\"row timeline dragscroll\">\n                    <div class=\"col-9 col-md-5\">\n                <div class=\"item-timeline\">\n                    <p class=\"date\">1988<\/p>\n                    <img decoding=\"async\" src=\"https:\/\/chantreuil.fr\/wp-content\/uploads\/2023\/06\/Rectangle-84.jpg\" alt=\"1988\">\n                    <p>Cr\u00e9ation de la soci\u00e9t\u00e9 Chantreuil M\u00e9canique qui d\u00e9veloppe son m\u00e9tier autour de l\u2019usinage au service notamment des services maintenance.<\/p>\n                <\/div>\n            <\/div>\n                    <div class=\"col-9 col-md-5\">\n                <div class=\"item-timeline\">\n                    <p class=\"date\">1990<\/p>\n                    <img decoding=\"async\" src=\"https:\/\/chantreuil.fr\/wp-content\/uploads\/2023\/06\/Rectangle-884.jpg\" alt=\"1990\">\n                    <p>Chantreuil se positionne comme un partenaire privil\u00e9gi\u00e9 des grands groupes industriels, et d\u00e9m\u00e9nage son activit\u00e9 sur le site actuel de Picauville<\/p>\n                <\/div>\n            <\/div>\n                    <div class=\"col-9 col-md-5\">\n                <div class=\"item-timeline\">\n                    <p class=\"date\">1995<\/p>\n                    <img decoding=\"async\" src=\"https:\/\/chantreuil.fr\/wp-content\/uploads\/2023\/06\/1995.png\" alt=\"1995\">\n                    <p>Apr\u00e8s plusieurs ann\u00e9es de croissance, la soci\u00e9t\u00e9 se stabilise avec une vingtaine de collaborateurs sur les m\u00e9tiers de l\u2019usinage et la chaudronnerie<\/p>\n                <\/div>\n            <\/div>\n                    <div class=\"col-9 col-md-5\">\n                <div class=\"item-timeline\">\n                    <p class=\"date\">2008<\/p>\n                    <img decoding=\"async\" src=\"https:\/\/chantreuil.fr\/wp-content\/uploads\/2023\/06\/2008.png\" alt=\"2008\">\n                    <p>Achat de notre premier tour vertical, l\u2019usine s\u2019est agrandie progressivement pour atteindre 1600m2<\/p>\n                <\/div>\n            <\/div>\n                    <div class=\"col-9 col-md-5\">\n                <div class=\"item-timeline\">\n                    <p class=\"date\">2018<\/p>\n                    <img decoding=\"async\" src=\"https:\/\/chantreuil.fr\/wp-content\/uploads\/2023\/06\/CHANTREUIL-chaudronnerie-1.png\" alt=\"2018\">\n                    <p>Chantreuil structure son activit\u00e9 chaudronnerie en compl\u00e9mentarit\u00e9 de ses activit\u00e9s. Un atelier d\u00e9di\u00e9 de 400m2 est construit pour cette activit\u00e9.<\/p>\n                <\/div>\n            <\/div>\n                    <div class=\"col-9 col-md-5\">\n                <div class=\"item-timeline\">\n                    <p class=\"date\">2019<\/p>\n                    <img decoding=\"async\" src=\"https:\/\/chantreuil.fr\/wp-content\/uploads\/2023\/06\/2019.png\" alt=\"2019\">\n                    <p>L\u2019\u00e9cole d\u2019usinage du Cotentin est cr\u00e9\u00e9e afin de proposer une nouvelle offre de formation sur le territoire sur le m\u00e9tier de l\u2019usinage. Chantreuil figure parmi les cr\u00e9ateurs de cette Ecole et pr\u00e9side l\u2019association.<\/p>\n                <\/div>\n            <\/div>\n                    <div class=\"col-9 col-md-5\">\n                <div class=\"item-timeline\">\n                    <p class=\"date\">2021<\/p>\n                    <img decoding=\"async\" src=\"https:\/\/chantreuil.fr\/wp-content\/uploads\/2023\/06\/2021.png\" alt=\"2021\">\n                    <p>Chantreuil int\u00e8gre l\u2019entreprise MGI, sp\u00e9cialis\u00e9e dans l\u2019usinage de pi\u00e8ces r\u00e9currentes ou de s\u00e9ries.<\/p>\n                <\/div>\n            <\/div>\n                <\/div>\n    <\/div>\n\n\n<div style=\"height:50px\" aria-hidden=\"true\" class=\"wp-block-spacer\"><\/div>\n\n\n\n<h2 class=\"wp-block-heading\">Nos valeurs<\/h2>\n\n\n\n<div class=\"wp-block-columns is-layout-flex wp-container-core-columns-is-layout-9d6595d7 wp-block-columns-is-layout-flex\">\n<div class=\"wp-block-column is-layout-flow wp-block-column-is-layout-flow\"><div class=\"valeur\">\n    <div class=\"image\" style=\"background-image: url('https:\/\/chantreuil.fr\/wp-content\/uploads\/2023\/06\/esprit-dequipe-e1688024764618.png');\">\n        <h3>Esprit d&#8217;\u00e9quipe<\/h3>\n    <\/div>\n    <p>Groupe familial, nous sommes attach\u00e9s \u00e0 une vision collaborative du travail avec nos \u00e9quipes, nos partenaires et nos sous-traitants.<\/p>\n<\/div><\/div>\n\n\n\n<div class=\"wp-block-column is-layout-flow wp-block-column-is-layout-flow\"><div class=\"valeur\">\n    <div class=\"image\" style=\"background-image: url('https:\/\/chantreuil.fr\/wp-content\/uploads\/2023\/06\/engagement.png');\">\n        <h3>Engagement<\/h3>\n    <\/div>\n    <p>Nous sommes d\u00e9termin\u00e9s et \u00e9laborons des r\u00e9ponses pr\u00e9cises \u00e0 toutes les demandes<\/p>\n<\/div><\/div>\n<\/div>\n\n\n\n<div class=\"wp-block-columns is-layout-flex wp-container-core-columns-is-layout-9d6595d7 wp-block-columns-is-layout-flex\">\n<div class=\"wp-block-column is-layout-flow wp-block-column-is-layout-flow\"><div class=\"valeur\">\n    <div class=\"image\" style=\"background-image: url('https:\/\/chantreuil.fr\/wp-content\/uploads\/2022\/08\/image_composent_votre_projet6.jpg');\">\n        <h3>Exigence<\/h3>\n    <\/div>\n    <p>Nous \u0153uvrons dans une optique constante de qualit\u00e9 et de satisfaction.<\/p>\n<\/div><\/div>\n\n\n\n<div class=\"wp-block-column is-layout-flow wp-block-column-is-layout-flow\"><div class=\"valeur\">\n    <div class=\"image\" style=\"background-image: url('https:\/\/chantreuil.fr\/wp-content\/uploads\/2023\/06\/integrite.png');\">\n        <h3>Int\u00e9grit\u00e9<\/h3>\n    <\/div>\n    <p>Dans nos \u00e9changes, nos process et nos produits, nous garantissons une relation authentique et fid\u00e8le.<\/p>\n<\/div><\/div>\n<\/div>\n\n\n\n<div style=\"height:50px\" aria-hidden=\"true\" class=\"wp-block-spacer\"><\/div>\n\n\n\n<h2 class=\"wp-block-heading\">R\u00e9seau NAE<\/h2>\n\n\n\n<p>Chantreuil est fier de faire parti du r\u00e9seau NAE, le r\u00e9seau normand des acteurs du domaine a\u00e9ronautique, spatial, d\u00e9fense et s\u00e9curit\u00e9, participant aux grands projets de demain.<\/p>\n\n\n\n<figure class=\"wp-block-image size-full\"><img decoding=\"async\" width=\"299\" height=\"187\" src=\"https:\/\/chantreuil.fr\/wp-content\/uploads\/2023\/06\/nae_normandie.png\" alt=\"\" class=\"wp-image-1018\"\/><\/figure>\n\n\n\n<div style=\"height:50px\" aria-hidden=\"true\" class=\"wp-block-spacer\"><\/div>\n\n\n\n<h2 class=\"wp-block-heading\">\u00c9cole d&#8217;usinage du Cotentin<\/h2>\n\n\n\n<figure class=\"wp-block-image size-full\"><img decoding=\"async\" width=\"1024\" height=\"683\" src=\"https:\/\/chantreuil.fr\/wp-content\/uploads\/2023\/06\/photo-ecole-2-1024x683-1.jpg\" alt=\"\" class=\"wp-image-1125\" srcset=\"https:\/\/chantreuil.fr\/wp-content\/uploads\/2023\/06\/photo-ecole-2-1024x683-1.jpg 1024w, https:\/\/chantreuil.fr\/wp-content\/uploads\/2023\/06\/photo-ecole-2-1024x683-1-300x200.jpg 300w, https:\/\/chantreuil.fr\/wp-content\/uploads\/2023\/06\/photo-ecole-2-1024x683-1-768x512.jpg 768w\" sizes=\"(max-width: 1024px) 100vw, 1024px\" \/><\/figure>\n\n\n\n<p>Chantreuil s\u2019est associ\u00e9 \u00e0 d\u2019autres acteurs \u00e9conomiques locaux pour cr\u00e9er \u00e0&nbsp;Valognes&nbsp;l\u2019\u00e9cole d\u2019usinage du Cotentin. Elle accueille des jeunes de 15 \u00e0 18 ans pour les former aux m\u00e9tiers de l\u2019usinage traditionnel et \u00e0 commande num\u00e9rique.<\/p>\n\n\n<a href=\"https:\/\/www.ecoles-de-production.com\/ecoles\/ecole-dusinage-du-cotentin\/\" class=\"cta\">D\u00e9couvrir<span class=\"icon-arrow-right1\"><\/span><\/a>\n\n\n<div style=\"height:25px\" aria-hidden=\"true\" class=\"wp-block-spacer\"><\/div>\n\n\n<div class=\"bloc_link_background_image\" style=\"background-image: url('https:\/\/chantreuil.fr\/wp-content\/uploads\/2022\/08\/actus.jpg');\">\n    <a href=\"\/en\/our-news\"  target=\"_blank\" >\n        <h3>Our news<\/h3>\n        <span class=\"cta\"><span class=\"icon-arrow-right1\"><\/span><\/span>\n    <\/a>\n<\/div>","protected":false},"excerpt":{"rendered":"<p>Our history Nos valeurs R\u00e9seau NAE Chantreuil est fier de faire parti du r\u00e9seau NAE, le r\u00e9seau normand des acteurs du domaine a\u00e9ronautique, spatial, d\u00e9fense et s\u00e9curit\u00e9, participant aux grands projets de demain. \u00c9cole d&#8217;usinage du Cotentin Chantreuil s\u2019est associ\u00e9 \u00e0 d\u2019autres acteurs \u00e9conomiques locaux pour cr\u00e9er \u00e0&nbsp;Valognes&nbsp;l\u2019\u00e9cole d\u2019usinage du Cotentin. Elle accueille des jeunes&#8230;<\/p>\n","protected":false},"author":1,"featured_media":1025,"parent":0,"menu_order":0,"comment_status":"closed","ping_status":"closed","template":"","meta":{"_acf_changed":false,"footnotes":""},"class_list":["post-1248","page","type-page","status-publish","has-post-thumbnail","hentry"],"acf":[],"yoast_head":"<!-- This site is optimized with the Yoast SEO plugin v25.3.1 - https:\/\/yoast.com\/wordpress\/plugins\/seo\/ -->\n<title>The company - Chantreuil<\/title>\n<meta name=\"description\" content=\"D\u00e9couvrez les histoires, les valeurs et les partenaires de notre entreprise sp\u00e9cialis\u00e9e en pi\u00e8ces et ensembles m\u00e9caniques, usin\u00e9s et chaudronn\u00e9s\" \/>\n<meta name=\"robots\" content=\"index, follow, max-snippet:-1, max-image-preview:large, max-video-preview:-1\" \/>\n<link rel=\"canonical\" href=\"https:\/\/chantreuil.fr\/en\/the-company\/\" \/>\n<meta property=\"og:locale\" content=\"en_US\" \/>\n<meta property=\"og:type\" content=\"article\" \/>\n<meta property=\"og:title\" content=\"The company - Chantreuil\" \/>\n<meta property=\"og:description\" content=\"D\u00e9couvrez les histoires, les valeurs et les partenaires de notre entreprise sp\u00e9cialis\u00e9e en pi\u00e8ces et ensembles m\u00e9caniques, usin\u00e9s et chaudronn\u00e9s\" \/>\n<meta property=\"og:url\" content=\"https:\/\/chantreuil.fr\/en\/the-company\/\" \/>\n<meta property=\"og:site_name\" content=\"Chantreuil\" \/>\n<meta property=\"article:modified_time\" content=\"2023-10-09T09:08:51+00:00\" \/>\n<meta property=\"og:image\" content=\"http:\/\/chantreuil.fr\/wp-content\/uploads\/2023\/06\/banner.jpg\" \/>\n\t<meta property=\"og:image:width\" content=\"1728\" \/>\n\t<meta property=\"og:image:height\" content=\"420\" \/>\n\t<meta property=\"og:image:type\" content=\"image\/jpeg\" \/>\n<meta name=\"twitter:card\" content=\"summary_large_image\" \/>\n<meta name=\"twitter:label1\" content=\"Est. reading time\" \/>\n\t<meta name=\"twitter:data1\" content=\"1 minute\" \/>\n<script type=\"application\/ld+json\" class=\"yoast-schema-graph\">{\"@context\":\"https:\/\/schema.org\",\"@graph\":[{\"@type\":\"WebPage\",\"@id\":\"https:\/\/chantreuil.fr\/en\/the-company\/\",\"url\":\"https:\/\/chantreuil.fr\/en\/the-company\/\",\"name\":\"The company - Chantreuil\",\"isPartOf\":{\"@id\":\"https:\/\/chantreuil.fr\/en\/#website\"},\"primaryImageOfPage\":{\"@id\":\"https:\/\/chantreuil.fr\/en\/the-company\/#primaryimage\"},\"image\":{\"@id\":\"https:\/\/chantreuil.fr\/en\/the-company\/#primaryimage\"},\"thumbnailUrl\":\"https:\/\/chantreuil.fr\/wp-content\/uploads\/2023\/06\/banner.jpg\",\"datePublished\":\"2023-06-12T09:24:10+00:00\",\"dateModified\":\"2023-10-09T09:08:51+00:00\",\"description\":\"D\u00e9couvrez les histoires, les valeurs et les partenaires de notre entreprise sp\u00e9cialis\u00e9e en pi\u00e8ces et ensembles m\u00e9caniques, usin\u00e9s et chaudronn\u00e9s\",\"breadcrumb\":{\"@id\":\"https:\/\/chantreuil.fr\/en\/the-company\/#breadcrumb\"},\"inLanguage\":\"en-US\",\"potentialAction\":[{\"@type\":\"ReadAction\",\"target\":[\"https:\/\/chantreuil.fr\/en\/the-company\/\"]}]},{\"@type\":\"ImageObject\",\"inLanguage\":\"en-US\",\"@id\":\"https:\/\/chantreuil.fr\/en\/the-company\/#primaryimage\",\"url\":\"https:\/\/chantreuil.fr\/wp-content\/uploads\/2023\/06\/banner.jpg\",\"contentUrl\":\"https:\/\/chantreuil.fr\/wp-content\/uploads\/2023\/06\/banner.jpg\",\"width\":1728,\"height\":420},{\"@type\":\"BreadcrumbList\",\"@id\":\"https:\/\/chantreuil.fr\/en\/the-company\/#breadcrumb\",\"itemListElement\":[{\"@type\":\"ListItem\",\"position\":1,\"name\":\"Accueil\",\"item\":\"https:\/\/chantreuil.fr\/en\/\"},{\"@type\":\"ListItem\",\"position\":2,\"name\":\"The company\"}]},{\"@type\":\"WebSite\",\"@id\":\"https:\/\/chantreuil.fr\/en\/#website\",\"url\":\"https:\/\/chantreuil.fr\/en\/\",\"name\":\"Chantreuil\",\"description\":\"Au service des industries de pointe\",\"potentialAction\":[{\"@type\":\"SearchAction\",\"target\":{\"@type\":\"EntryPoint\",\"urlTemplate\":\"https:\/\/chantreuil.fr\/en\/?s={search_term_string}\"},\"query-input\":{\"@type\":\"PropertyValueSpecification\",\"valueRequired\":true,\"valueName\":\"search_term_string\"}}],\"inLanguage\":\"en-US\"}]}<\/script>\n<!-- \/ Yoast SEO plugin. -->","yoast_head_json":{"title":"The company - Chantreuil","description":"D\u00e9couvrez les histoires, les valeurs et les partenaires de notre entreprise sp\u00e9cialis\u00e9e en pi\u00e8ces et ensembles m\u00e9caniques, usin\u00e9s et chaudronn\u00e9s","robots":{"index":"index","follow":"follow","max-snippet":"max-snippet:-1","max-image-preview":"max-image-preview:large","max-video-preview":"max-video-preview:-1"},"canonical":"https:\/\/chantreuil.fr\/en\/the-company\/","og_locale":"en_US","og_type":"article","og_title":"The company - Chantreuil","og_description":"D\u00e9couvrez les histoires, les valeurs et les partenaires de notre entreprise sp\u00e9cialis\u00e9e en pi\u00e8ces et ensembles m\u00e9caniques, usin\u00e9s et chaudronn\u00e9s","og_url":"https:\/\/chantreuil.fr\/en\/the-company\/","og_site_name":"Chantreuil","article_modified_time":"2023-10-09T09:08:51+00:00","og_image":[{"width":1728,"height":420,"url":"http:\/\/chantreuil.fr\/wp-content\/uploads\/2023\/06\/banner.jpg","type":"image\/jpeg"}],"twitter_card":"summary_large_image","twitter_misc":{"Est. reading time":"1 minute"},"schema":{"@context":"https:\/\/schema.org","@graph":[{"@type":"WebPage","@id":"https:\/\/chantreuil.fr\/en\/the-company\/","url":"https:\/\/chantreuil.fr\/en\/the-company\/","name":"The company - Chantreuil","isPartOf":{"@id":"https:\/\/chantreuil.fr\/en\/#website"},"primaryImageOfPage":{"@id":"https:\/\/chantreuil.fr\/en\/the-company\/#primaryimage"},"image":{"@id":"https:\/\/chantreuil.fr\/en\/the-company\/#primaryimage"},"thumbnailUrl":"https:\/\/chantreuil.fr\/wp-content\/uploads\/2023\/06\/banner.jpg","datePublished":"2023-06-12T09:24:10+00:00","dateModified":"2023-10-09T09:08:51+00:00","description":"D\u00e9couvrez les histoires, les valeurs et les partenaires de notre entreprise sp\u00e9cialis\u00e9e en pi\u00e8ces et ensembles m\u00e9caniques, usin\u00e9s et chaudronn\u00e9s","breadcrumb":{"@id":"https:\/\/chantreuil.fr\/en\/the-company\/#breadcrumb"},"inLanguage":"en-US","potentialAction":[{"@type":"ReadAction","target":["https:\/\/chantreuil.fr\/en\/the-company\/"]}]},{"@type":"ImageObject","inLanguage":"en-US","@id":"https:\/\/chantreuil.fr\/en\/the-company\/#primaryimage","url":"https:\/\/chantreuil.fr\/wp-content\/uploads\/2023\/06\/banner.jpg","contentUrl":"https:\/\/chantreuil.fr\/wp-content\/uploads\/2023\/06\/banner.jpg","width":1728,"height":420},{"@type":"BreadcrumbList","@id":"https:\/\/chantreuil.fr\/en\/the-company\/#breadcrumb","itemListElement":[{"@type":"ListItem","position":1,"name":"Accueil","item":"https:\/\/chantreuil.fr\/en\/"},{"@type":"ListItem","position":2,"name":"The company"}]},{"@type":"WebSite","@id":"https:\/\/chantreuil.fr\/en\/#website","url":"https:\/\/chantreuil.fr\/en\/","name":"Chantreuil","description":"Au service des industries de pointe","potentialAction":[{"@type":"SearchAction","target":{"@type":"EntryPoint","urlTemplate":"https:\/\/chantreuil.fr\/en\/?s={search_term_string}"},"query-input":{"@type":"PropertyValueSpecification","valueRequired":true,"valueName":"search_term_string"}}],"inLanguage":"en-US"}]}},"_links":{"self":[{"href":"https:\/\/chantreuil.fr\/en\/wp-json\/wp\/v2\/pages\/1248","targetHints":{"allow":["GET"]}}],"collection":[{"href":"https:\/\/chantreuil.fr\/en\/wp-json\/wp\/v2\/pages"}],"about":[{"href":"https:\/\/chantreuil.fr\/en\/wp-json\/wp\/v2\/types\/page"}],"author":[{"embeddable":true,"href":"https:\/\/chantreuil.fr\/en\/wp-json\/wp\/v2\/users\/1"}],"replies":[{"embeddable":true,"href":"https:\/\/chantreuil.fr\/en\/wp-json\/wp\/v2\/comments?post=1248"}],"version-history":[{"count":2,"href":"https:\/\/chantreuil.fr\/en\/wp-json\/wp\/v2\/pages\/1248\/revisions"}],"predecessor-version":[{"id":1355,"href":"https:\/\/chantreuil.fr\/en\/wp-json\/wp\/v2\/pages\/1248\/revisions\/1355"}],"wp:featuredmedia":[{"embeddable":true,"href":"https:\/\/chantreuil.fr\/en\/wp-json\/wp\/v2\/media\/1025"}],"wp:attachment":[{"href":"https:\/\/chantreuil.fr\/en\/wp-json\/wp\/v2\/media?parent=1248"}],"curies":[{"name":"wp","href":"https:\/\/api.w.org\/{rel}","templated":true}]}}