{"id":1305,"date":"2022-07-25T15:55:19","date_gmt":"2022-07-25T13:55:19","guid":{"rendered":"https:\/\/chantreuil.fr\/join-us\/apply\/"},"modified":"2023-10-05T13:34:58","modified_gmt":"2023-10-05T11:34:58","slug":"apply","status":"publish","type":"page","link":"https:\/\/chantreuil.fr\/en\/join-us\/apply\/","title":{"rendered":"Apply"},"content":{"rendered":"<h2 class=\"has-text-align-center exception m-auto\">Formulaire de<br \/>\ncandidature<\/h2>\n<p>&nbsp;<\/p>\n<p>&nbsp;<\/p>\n<div class=\"wp-block-spacer\" style=\"height: 50px;\" aria-hidden=\"true\"><\/div>\n<p>&nbsp;<\/p>\n<p>&nbsp;<\/p>\n<div class=\"wp-block-contact-form-7-contact-form-selector\">\n<div class=\"wpcf7 no-js\" id=\"wpcf7-f1364-o1\" lang=\"en-US\" dir=\"ltr\" data-wpcf7-id=\"1364\">\n<div class=\"screen-reader-response\"><p role=\"status\" aria-live=\"polite\" aria-atomic=\"true\"><\/p> <ul><\/ul><\/div>\n<form action=\"\/en\/wp-json\/wp\/v2\/pages\/1305#wpcf7-f1364-o1\" method=\"post\" class=\"wpcf7-form init\" aria-label=\"Contact form\" enctype=\"multipart\/form-data\" novalidate=\"novalidate\" data-status=\"init\">\n<div style=\"display: none;\">\n<input type=\"hidden\" name=\"_wpcf7\" value=\"1364\" \/>\n<input type=\"hidden\" name=\"_wpcf7_version\" value=\"6.0.6\" \/>\n<input type=\"hidden\" name=\"_wpcf7_locale\" value=\"en_US\" \/>\n<input type=\"hidden\" name=\"_wpcf7_unit_tag\" value=\"wpcf7-f1364-o1\" \/>\n<input type=\"hidden\" name=\"_wpcf7_container_post\" value=\"0\" \/>\n<input type=\"hidden\" name=\"_wpcf7_posted_data_hash\" value=\"\" \/>\n<input type=\"hidden\" name=\"_wpcf7_recaptcha_response\" value=\"\" \/>\n<\/div>\n<div class=\"row\">\n\t<div class=\"col-12\">\n\t\t<p><label>Civilit\u00e9*<span class=\"wpcf7-form-control-wrap\" data-name=\"civilite\"><span class=\"wpcf7-form-control wpcf7-checkbox wpcf7-validates-as-required\"><span class=\"wpcf7-list-item first\"><label><span class=\"wpcf7-list-item-label\">Mr<\/span><input type=\"checkbox\" name=\"civilite[]\" value=\"Mr\" \/><\/label><\/span><span class=\"wpcf7-list-item last\"><label><span class=\"wpcf7-list-item-label\">Mrs<\/span><input type=\"checkbox\" name=\"civilite[]\" value=\"Mrs\" \/><\/label><\/span><\/span><\/span><\/label>\n\t\t<\/p>\n\t<\/div>\n\t<div class=\"col-12 col-md-6\">\n\t\t<p><span class=\"wpcf7-form-control-wrap\" data-name=\"your-first\"><input size=\"40\" maxlength=\"400\" class=\"wpcf7-form-control wpcf7-text wpcf7-validates-as-required\" aria-required=\"true\" aria-invalid=\"false\" placeholder=\"Lastname *\" value=\"\" type=\"text\" name=\"your-first\" \/><\/span>\n\t\t<\/p>\n\t<\/div>\n\t<div class=\"col-12 col-md-6\">\n\t\t<p><span class=\"wpcf7-form-control-wrap\" data-name=\"your-name\"><input size=\"40\" maxlength=\"400\" class=\"wpcf7-form-control wpcf7-text wpcf7-validates-as-required\" aria-required=\"true\" aria-invalid=\"false\" placeholder=\"Name *\" value=\"\" type=\"text\" name=\"your-name\" \/><\/span>\n\t\t<\/p>\n\t<\/div>\n\t<div class=\"col-12 col-md-6\">\n\t\t<p><span class=\"wpcf7-form-control-wrap\" data-name=\"your-email\"><input size=\"40\" maxlength=\"400\" class=\"wpcf7-form-control wpcf7-email wpcf7-validates-as-required wpcf7-text wpcf7-validates-as-email\" aria-required=\"true\" aria-invalid=\"false\" placeholder=\"Email *\" value=\"\" type=\"email\" name=\"your-email\" \/><\/span>\n\t\t<\/p>\n\t<\/div>\n\t<div class=\"col-12 col-md-6\">\n\t\t<p><span class=\"wpcf7-form-control-wrap\" data-name=\"tel\"><input size=\"40\" maxlength=\"400\" class=\"wpcf7-form-control wpcf7-tel wpcf7-validates-as-required wpcf7-text wpcf7-validates-as-tel\" aria-required=\"true\" aria-invalid=\"false\" placeholder=\"Phone *\" value=\"\" type=\"tel\" name=\"tel\" \/><\/span>\n\t\t<\/p>\n\t<\/div>\n\t<div class=\"col-12 type_candidature\">\n\t\t<p><label>Type de candidature *<br \/>\n<span class=\"wpcf7-form-control-wrap\" data-name=\"type-candidature\"><span class=\"wpcf7-form-control wpcf7-radio\"><span class=\"wpcf7-list-item first\"><label><input type=\"radio\" name=\"type-candidature\" value=\"Candidature spontan\u00e9e\" checked=\"checked\" \/><span class=\"wpcf7-list-item-label\">Candidature spontan\u00e9e<\/span><\/label><\/span><span class=\"wpcf7-list-item last\"><label><input type=\"radio\" name=\"type-candidature\" value=\"R\u00e9ponse \u00e0 une offre\" \/><span class=\"wpcf7-list-item-label\">R\u00e9ponse \u00e0 une offre<\/span><\/label><\/span><\/span><\/span><\/label>\n\t\t<\/p>\n\t<\/div>\n\t<div class=\"col-12 reference\">\n\t\t<p><span class=\"wpcf7-form-control-wrap\" data-name=\"text-344\"><input size=\"40\" maxlength=\"400\" class=\"wpcf7-form-control wpcf7-text\" aria-invalid=\"false\" placeholder=\"Offer reference\" value=\"\" type=\"text\" name=\"text-344\" \/><\/span>\n\t\t<\/p>\n\t<\/div>\n\t<div class=\"col-12\">\n\t\t<p><span class=\"wpcf7-form-control-wrap\" data-name=\"textarea-798\"><textarea cols=\"40\" rows=\"10\" maxlength=\"2000\" class=\"wpcf7-form-control wpcf7-textarea wpcf7-validates-as-required\" aria-required=\"true\" aria-invalid=\"false\" placeholder=\"D\u00e9crivez-nous en quelques mots votre motivation \u00e0 rejoindre les \u00e9quipes de Chantreuil ?*\" name=\"textarea-798\"><\/textarea><\/span>\n\t\t<\/p>\n\t<\/div>\n\t<div class=\"col-12\">\n\t\t<p><label><span class=\"wpcf7-form-control-wrap\" data-name=\"text-754\"><input size=\"40\" maxlength=\"400\" class=\"wpcf7-form-control wpcf7-text wpcf7-validates-as-required\" aria-required=\"true\" aria-invalid=\"false\" placeholder=\"Pr\u00e9tention salariale brute (annuelle)*\" value=\"\" type=\"text\" name=\"text-754\" \/><\/span><\/label>\n\t\t<\/p>\n\t<\/div>\n\t<div class=\"col-12\">\n\t\t<p><span class=\"wpcf7-form-control-wrap\" data-name=\"textarea-989\"><textarea cols=\"40\" rows=\"10\" maxlength=\"2000\" class=\"wpcf7-form-control wpcf7-textarea\" aria-invalid=\"false\" placeholder=\"Avez-vous un statut particulier que vous souhaitez nous communiquer ?\" name=\"textarea-989\"><\/textarea><\/span>\n\t\t<\/p>\n\t<\/div>\n\t<div class=\"col-12 file\">\n\t\t<p><label>CV *<br \/>\n<span class=\"wpcf7-form-control-wrap\" data-name=\"cv\"><input size=\"40\" class=\"wpcf7-form-control wpcf7-file wpcf7-validates-as-required\" accept=\".pdf\" aria-required=\"true\" aria-invalid=\"false\" type=\"file\" name=\"cv\" \/><\/span><\/label>\n\t\t<\/p>\n\t<\/div>\n\t<div class=\"col-12 file\">\n\t\t<p><label>Cover letter *<br \/>\n<span class=\"wpcf7-form-control-wrap\" data-name=\"lettre-motivation\"><input size=\"40\" class=\"wpcf7-form-control wpcf7-file wpcf7-validates-as-required\" accept=\".pdf\" aria-required=\"true\" aria-invalid=\"false\" type=\"file\" name=\"lettre-motivation\" \/><\/span><\/label>\n\t\t<\/p>\n\t<\/div>\n\t<div class=\"col-12\">\n\t\t<p><span class=\"wpcf7-form-control-wrap\" data-name=\"your-consent\"><span class=\"wpcf7-form-control wpcf7-acceptance\"><span class=\"wpcf7-list-item\"><label><input type=\"checkbox\" name=\"your-consent\" value=\"1\" aria-invalid=\"false\" \/><span class=\"wpcf7-list-item-label\">J'autorise Chantreuil \u00e0 conserver et exploiter les donn\u00e9es transmises via ce formulaire dans le cadre de ma demande et de la relation commerciale pouvant en d\u00e9couler. Plus d'informations : <a href=\"\">politique de confidentialit\u00e9.<\/a><\/span><\/label><\/span><\/span><\/span>\n\t\t<\/p>\n\t<\/div>\n\t<div class=\"col-12\">\n\t\t<p><input class=\"wpcf7-form-control wpcf7-submit has-spinner\" type=\"submit\" value=\"Envoyer\" \/>\n\t\t<\/p>\n\t<\/div>\n\t<div class=\"col-12\">\n\t\t<p class=\"required\">* Champs obligatoires\n\t\t<\/p>\n\t<\/div>\n<\/div><div class=\"wpcf7-response-output\" aria-hidden=\"true\"><\/div>\n<\/form>\n<\/div>\n<\/div>\n","protected":false},"excerpt":{"rendered":"<p>Formulaire de candidature &nbsp; &nbsp; &nbsp; &nbsp;<\/p>\n","protected":false},"author":1,"featured_media":0,"parent":1304,"menu_order":0,"comment_status":"closed","ping_status":"closed","template":"postuler.php","meta":{"_acf_changed":false,"footnotes":""},"class_list":["post-1305","page","type-page","status-publish","hentry"],"acf":[],"yoast_head":"<!-- This site is optimized with the Yoast SEO plugin v25.3.1 - https:\/\/yoast.com\/wordpress\/plugins\/seo\/ -->\n<title>Apply - Chantreuil<\/title>\n<meta name=\"robots\" content=\"index, follow, max-snippet:-1, max-image-preview:large, max-video-preview:-1\" \/>\n<link rel=\"canonical\" href=\"https:\/\/chantreuil.fr\/en\/join-us\/apply\/\" \/>\n<meta property=\"og:locale\" content=\"en_US\" \/>\n<meta property=\"og:type\" content=\"article\" \/>\n<meta property=\"og:title\" content=\"Apply - Chantreuil\" \/>\n<meta property=\"og:description\" content=\"Formulaire de candidature &nbsp; &nbsp; &nbsp; &nbsp;\" \/>\n<meta property=\"og:url\" content=\"https:\/\/chantreuil.fr\/en\/join-us\/apply\/\" \/>\n<meta property=\"og:site_name\" content=\"Chantreuil\" \/>\n<meta property=\"article:modified_time\" content=\"2023-10-05T11:34:58+00:00\" \/>\n<meta name=\"twitter:card\" content=\"summary_large_image\" \/>\n<script type=\"application\/ld+json\" class=\"yoast-schema-graph\">{\"@context\":\"https:\/\/schema.org\",\"@graph\":[{\"@type\":\"WebPage\",\"@id\":\"https:\/\/chantreuil.fr\/en\/join-us\/apply\/\",\"url\":\"https:\/\/chantreuil.fr\/en\/join-us\/apply\/\",\"name\":\"Apply - Chantreuil\",\"isPartOf\":{\"@id\":\"https:\/\/chantreuil.fr\/en\/#website\"},\"datePublished\":\"2022-07-25T13:55:19+00:00\",\"dateModified\":\"2023-10-05T11:34:58+00:00\",\"breadcrumb\":{\"@id\":\"https:\/\/chantreuil.fr\/en\/join-us\/apply\/#breadcrumb\"},\"inLanguage\":\"en-US\",\"potentialAction\":[{\"@type\":\"ReadAction\",\"target\":[\"https:\/\/chantreuil.fr\/en\/join-us\/apply\/\"]}]},{\"@type\":\"BreadcrumbList\",\"@id\":\"https:\/\/chantreuil.fr\/en\/join-us\/apply\/#breadcrumb\",\"itemListElement\":[{\"@type\":\"ListItem\",\"position\":1,\"name\":\"Accueil\",\"item\":\"https:\/\/chantreuil.fr\/en\/\"},{\"@type\":\"ListItem\",\"position\":2,\"name\":\"Join us\",\"item\":\"https:\/\/chantreuil.fr\/en\/join-us\/\"},{\"@type\":\"ListItem\",\"position\":3,\"name\":\"Apply\"}]},{\"@type\":\"WebSite\",\"@id\":\"https:\/\/chantreuil.fr\/en\/#website\",\"url\":\"https:\/\/chantreuil.fr\/en\/\",\"name\":\"Chantreuil\",\"description\":\"Au service des industries de pointe\",\"potentialAction\":[{\"@type\":\"SearchAction\",\"target\":{\"@type\":\"EntryPoint\",\"urlTemplate\":\"https:\/\/chantreuil.fr\/en\/?s={search_term_string}\"},\"query-input\":{\"@type\":\"PropertyValueSpecification\",\"valueRequired\":true,\"valueName\":\"search_term_string\"}}],\"inLanguage\":\"en-US\"}]}<\/script>\n<!-- \/ Yoast SEO plugin. -->","yoast_head_json":{"title":"Apply - Chantreuil","robots":{"index":"index","follow":"follow","max-snippet":"max-snippet:-1","max-image-preview":"max-image-preview:large","max-video-preview":"max-video-preview:-1"},"canonical":"https:\/\/chantreuil.fr\/en\/join-us\/apply\/","og_locale":"en_US","og_type":"article","og_title":"Apply - Chantreuil","og_description":"Formulaire de candidature &nbsp; &nbsp; &nbsp; &nbsp;","og_url":"https:\/\/chantreuil.fr\/en\/join-us\/apply\/","og_site_name":"Chantreuil","article_modified_time":"2023-10-05T11:34:58+00:00","twitter_card":"summary_large_image","schema":{"@context":"https:\/\/schema.org","@graph":[{"@type":"WebPage","@id":"https:\/\/chantreuil.fr\/en\/join-us\/apply\/","url":"https:\/\/chantreuil.fr\/en\/join-us\/apply\/","name":"Apply - Chantreuil","isPartOf":{"@id":"https:\/\/chantreuil.fr\/en\/#website"},"datePublished":"2022-07-25T13:55:19+00:00","dateModified":"2023-10-05T11:34:58+00:00","breadcrumb":{"@id":"https:\/\/chantreuil.fr\/en\/join-us\/apply\/#breadcrumb"},"inLanguage":"en-US","potentialAction":[{"@type":"ReadAction","target":["https:\/\/chantreuil.fr\/en\/join-us\/apply\/"]}]},{"@type":"BreadcrumbList","@id":"https:\/\/chantreuil.fr\/en\/join-us\/apply\/#breadcrumb","itemListElement":[{"@type":"ListItem","position":1,"name":"Accueil","item":"https:\/\/chantreuil.fr\/en\/"},{"@type":"ListItem","position":2,"name":"Join us","item":"https:\/\/chantreuil.fr\/en\/join-us\/"},{"@type":"ListItem","position":3,"name":"Apply"}]},{"@type":"WebSite","@id":"https:\/\/chantreuil.fr\/en\/#website","url":"https:\/\/chantreuil.fr\/en\/","name":"Chantreuil","description":"Au service des industries de pointe","potentialAction":[{"@type":"SearchAction","target":{"@type":"EntryPoint","urlTemplate":"https:\/\/chantreuil.fr\/en\/?s={search_term_string}"},"query-input":{"@type":"PropertyValueSpecification","valueRequired":true,"valueName":"search_term_string"}}],"inLanguage":"en-US"}]}},"_links":{"self":[{"href":"https:\/\/chantreuil.fr\/en\/wp-json\/wp\/v2\/pages\/1305","targetHints":{"allow":["GET"]}}],"collection":[{"href":"https:\/\/chantreuil.fr\/en\/wp-json\/wp\/v2\/pages"}],"about":[{"href":"https:\/\/chantreuil.fr\/en\/wp-json\/wp\/v2\/types\/page"}],"author":[{"embeddable":true,"href":"https:\/\/chantreuil.fr\/en\/wp-json\/wp\/v2\/users\/1"}],"replies":[{"embeddable":true,"href":"https:\/\/chantreuil.fr\/en\/wp-json\/wp\/v2\/comments?post=1305"}],"version-history":[{"count":1,"href":"https:\/\/chantreuil.fr\/en\/wp-json\/wp\/v2\/pages\/1305\/revisions"}],"predecessor-version":[{"id":1306,"href":"https:\/\/chantreuil.fr\/en\/wp-json\/wp\/v2\/pages\/1305\/revisions\/1306"}],"up":[{"embeddable":true,"href":"https:\/\/chantreuil.fr\/en\/wp-json\/wp\/v2\/pages\/1304"}],"wp:attachment":[{"href":"https:\/\/chantreuil.fr\/en\/wp-json\/wp\/v2\/media?parent=1305"}],"curies":[{"name":"wp","href":"https:\/\/api.w.org\/{rel}","templated":true}]}}