{"id":1310,"date":"2025-05-07T12:16:00","date_gmt":"2025-05-07T10:16:00","guid":{"rendered":"https:\/\/chantreuil.fr\/skills\/our-technical-means\/"},"modified":"2022-07-21T15:16:14","modified_gmt":"2022-07-21T13:16:14","slug":"our-technical-means","status":"publish","type":"page","link":"https:\/\/chantreuil.fr\/en\/skills\/our-technical-means\/","title":{"rendered":"Our technical means"},"content":{"rendered":"\r\n<p class=\"has-large-font-size\"><strong>Entre innovation et efficacit\u00e9, nos domaines d\u2019activit\u00e9 concentrent <mark class=\"has-inline-color has-red-color\" style=\"background-color: rgba(0, 0, 0, 0);\">des \u00e9quipements de pointe et ergonomiques.<\/mark><\/strong><\/p>\r\n\r\n\r\n\r\n<div class=\"wp-block-spacer\" style=\"height: 28px;\" aria-hidden=\"true\"><\/div>\r\n\r\n\r\n\r\n<h2 class=\"wp-block-heading\" id=\"usinage\">Atelier usinage pi\u00e8ces unitaires<\/h2>\r\n\r\n\r\n\r\n<figure class=\"wp-block-image size-full\"><img decoding=\"async\" width=\"800\" height=\"354\" class=\"wp-image-894\" src=\"https:\/\/chantreuil.fr\/wp-content\/uploads\/2023\/06\/piece-unitaires.png\" alt=\"\" srcset=\"https:\/\/chantreuil.fr\/wp-content\/uploads\/2023\/06\/piece-unitaires.png 800w, https:\/\/chantreuil.fr\/wp-content\/uploads\/2023\/06\/piece-unitaires-300x133.png 300w, https:\/\/chantreuil.fr\/wp-content\/uploads\/2023\/06\/piece-unitaires-768x340.png 768w\" sizes=\"(max-width: 800px) 100vw, 800px\" \/><\/figure>\r\n\r\n\r\n\r\n\r\n<strong>Atelier de 2000m<sup>2<\/sup><\/strong>\r\n\r\n\r\n\r\n\r\n\r\n<strong><strong>1 centre d\u2019usinage 5+1 axes <\/strong><\/strong><em>(capacit\u00e9 maxi 4000 x 2700 x 1000)<\/em>\r\n\r\n\r\n\r\n\r\n\r\n<strong><strong>1 centre d\u2019usinage 5 axes <\/strong><\/strong><em>(capacit\u00e9 maxi 3000 x 800 x 800)<\/em>\r\n\r\n\r\n\r\n\r\n\r\n<strong><strong>3 centres d\u2019usinages 3 axes <\/strong><\/strong><em>(capacit\u00e9 maxi 3000 x 2000 x 1000)<\/em>\r\n\r\n\r\n\r\n\r\n\r\n<strong><strong>2 tours verticaux CN <\/strong><\/strong><em>(capacit\u00e9 maxi : \u00d8 1900 x 1600)<\/em>\r\n\r\n\r\n\r\n\r\n\r\n<strong><strong>5 tours parall\u00e8les CN <\/strong><\/strong><em>(capacit\u00e9 maxi \u00d8500 x 1200)<\/em>\r\n\r\n\r\n\r\n\r\n\r\n<strong><strong>1 tour parall\u00e8le CN bi-broche avec embarreur<\/strong><\/strong>\r\n\r\n\r\n\r\n\r\n\r\n<strong><strong>2 \u00e9lectro\u00e9rosions \u00e0 fil <\/strong><\/strong><em>(capacit\u00e9 maxi : 520 x 370 x 310)<\/em>\r\n\r\n\r\n\r\n\r\n\r\n<strong><strong>2 \u00e9lectro\u00e9rosions par enfon\u00e7age<\/strong><\/strong>\r\n\r\n\r\n\r\n\r\n\r\n<strong><strong>1 \u00e9lectro\u00e9rosion per\u00e7age rapide <\/strong><\/strong><em>(\u00d8 mini de per\u00e7age : 0.1mm)<\/em>\r\n\r\n\r\n\r\n\r\n\r\n<strong>Moyens de levage jusqu&#8217;\u00e0 6.3T<\/strong>\r\n\r\n\r\n\r\n\r\n<div class=\"wp-block-spacer\" style=\"height: 3vh;\" aria-hidden=\"true\"><\/div>\r\n\r\n\r\n\r\n<h2 class=\"wp-block-heading\">Notre atelier pi\u00e8ces r\u00e9currentes<\/h2>\r\n\r\n\r\n\r\n<div class=\"wp-block-columns is-layout-flex wp-container-core-columns-is-layout-9d6595d7 wp-block-columns-is-layout-flex\">\r\n\r\n\r\n<div class=\"wp-block-column is-layout-flow wp-block-column-is-layout-flow\">\r\n\r\n\r\n<figure class=\"wp-block-image size-full\"><img decoding=\"async\" width=\"414\" height=\"537\" class=\"wp-image-896\" src=\"https:\/\/chantreuil.fr\/wp-content\/uploads\/2023\/06\/atelir-chaudro.png\" alt=\"\" srcset=\"https:\/\/chantreuil.fr\/wp-content\/uploads\/2023\/06\/atelir-chaudro.png 414w, https:\/\/chantreuil.fr\/wp-content\/uploads\/2023\/06\/atelir-chaudro-231x300.png 231w\" sizes=\"(max-width: 414px) 100vw, 414px\" \/><\/figure>\r\n\r\n\r\n<\/div>\r\n\r\n\r\n\r\n<div class=\"wp-block-column is-layout-flow wp-block-column-is-layout-flow\">\r\n\r\n\r\n\r\n<strong><strong>Atelier de 1500m<sup>2<\/sup> enti\u00e8rement climatis\u00e9<\/strong><\/strong>\r\n\r\n\r\n\r\n\r\n\r\n<strong><strong>8 centres d\u2019usinage 4\/5 <\/strong><\/strong><em>(axes palettis\u00e9s avec capacit\u00e9 maxi de 1200 x 850 x 850)<\/em>\r\n\r\n\r\n\r\n\r\n\r\n<strong><strong>5 tours \u00e0 commandes num\u00e9riques <\/strong><\/strong><em>(dont 1 tour bi-broches robotis\u00e9)<\/em>\r\n\r\n\r\n\r\n\r\n\r\n<strong><strong>2 rectifieuses planes<\/strong><\/strong>\r\n\r\n\r\n\r\n\r\n\r\n<strong><strong>1 rectifieuse cylindrique<\/strong><\/strong>\r\n\r\n\r\n\r\n\r\n\r\n<strong><strong>Four de d\u00e9tensionnement<\/strong><\/strong>\r\n\r\n\r\n\r\n<\/div>\r\n\r\n\r\n<\/div>\r\n\r\n\r\n\r\n<div class=\"wp-block-spacer\" style=\"height: 3vh;\" aria-hidden=\"true\"><\/div>\r\n\r\n\r\n\r\n<h2 class=\"wp-block-heading\" id=\"chaudronnerie\">Notre atelier chaudronnerie<\/h2>\r\n\r\n\r\n\r\n<figure class=\"wp-block-image size-full\"><img decoding=\"async\" width=\"800\" height=\"348\" class=\"wp-image-900\" src=\"https:\/\/chantreuil.fr\/wp-content\/uploads\/2023\/06\/pieces-recurentes.png\" alt=\"\" srcset=\"https:\/\/chantreuil.fr\/wp-content\/uploads\/2023\/06\/pieces-recurentes.png 800w, https:\/\/chantreuil.fr\/wp-content\/uploads\/2023\/06\/pieces-recurentes-300x131.png 300w, https:\/\/chantreuil.fr\/wp-content\/uploads\/2023\/06\/pieces-recurentes-768x334.png 768w\" sizes=\"(max-width: 800px) 100vw, 800px\" \/><\/figure>\r\n\r\n\r\n\r\n\r\n<strong><strong>1 presse 130T<\/strong><\/strong>\r\n\r\n\r\n\r\n\r\n\r\n<strong><strong>Postes \u00e0 souder TIG \/ MIG<\/strong><\/strong>\r\n\r\n\r\n\r\n\r\n\r\n<strong><strong>1 Rouleuse<\/strong><\/strong>\r\n\r\n\r\n\r\n\r\n\r\n<strong><strong>Local d\u00e9capage passivation<\/strong><\/strong>\r\n\r\n","protected":false},"excerpt":{"rendered":"<p>Entre innovation et efficacit\u00e9, nos domaines d\u2019activit\u00e9 concentrent des \u00e9quipements de pointe et ergonomiques. Atelier usinage pi\u00e8ces unitaires Atelier de 2000m2 1 centre d\u2019usinage 5+1 axes (capacit\u00e9 maxi 4000 x 2700 x 1000) 1 centre d\u2019usinage 5 axes (capacit\u00e9 maxi 3000 x 800 x 800) 3 centres d\u2019usinages 3 axes (capacit\u00e9 maxi 3000 x 2000&#8230;<\/p>\n","protected":false},"author":1,"featured_media":657,"parent":282,"menu_order":0,"comment_status":"closed","ping_status":"closed","template":"","meta":{"_acf_changed":false,"footnotes":""},"class_list":["post-1310","page","type-page","status-publish","has-post-thumbnail","hentry"],"acf":[],"yoast_head":"<!-- This site is optimized with the Yoast SEO plugin v25.3.1 - https:\/\/yoast.com\/wordpress\/plugins\/seo\/ -->\n<title>Our technical means - Chantreuil<\/title>\n<meta name=\"robots\" content=\"index, follow, max-snippet:-1, max-image-preview:large, max-video-preview:-1\" \/>\n<link rel=\"canonical\" href=\"https:\/\/chantreuil.fr\/en\/skills\/our-technical-means\/\" \/>\n<meta property=\"og:locale\" content=\"en_US\" \/>\n<meta property=\"og:type\" content=\"article\" \/>\n<meta property=\"og:title\" content=\"Our technical means - Chantreuil\" \/>\n<meta property=\"og:description\" content=\"Entre innovation et efficacit\u00e9, nos domaines d\u2019activit\u00e9 concentrent des \u00e9quipements de pointe et ergonomiques. Atelier usinage pi\u00e8ces unitaires Atelier de 2000m2 1 centre d\u2019usinage 5+1 axes (capacit\u00e9 maxi 4000 x 2700 x 1000) 1 centre d\u2019usinage 5 axes (capacit\u00e9 maxi 3000 x 800 x 800) 3 centres d\u2019usinages 3 axes (capacit\u00e9 maxi 3000 x 2000...\" \/>\n<meta property=\"og:url\" content=\"https:\/\/chantreuil.fr\/en\/skills\/our-technical-means\/\" \/>\n<meta property=\"og:site_name\" content=\"Chantreuil\" \/>\n<meta property=\"og:image\" content=\"https:\/\/chantreuil.fr\/wp-content\/uploads\/2023\/06\/piece-unitaires.png\" \/>\n<meta name=\"twitter:card\" content=\"summary_large_image\" \/>\n<meta name=\"twitter:label1\" content=\"Est. reading time\" \/>\n\t<meta name=\"twitter:data1\" content=\"1 minute\" \/>\n<script type=\"application\/ld+json\" class=\"yoast-schema-graph\">{\"@context\":\"https:\/\/schema.org\",\"@graph\":[{\"@type\":\"WebPage\",\"@id\":\"https:\/\/chantreuil.fr\/en\/skills\/our-technical-means\/\",\"url\":\"https:\/\/chantreuil.fr\/en\/skills\/our-technical-means\/\",\"name\":\"Our technical means - Chantreuil\",\"isPartOf\":{\"@id\":\"https:\/\/chantreuil.fr\/en\/#website\"},\"primaryImageOfPage\":{\"@id\":\"https:\/\/chantreuil.fr\/en\/skills\/our-technical-means\/#primaryimage\"},\"image\":{\"@id\":\"https:\/\/chantreuil.fr\/en\/skills\/our-technical-means\/#primaryimage\"},\"thumbnailUrl\":\"https:\/\/chantreuil.fr\/wp-content\/uploads\/2022\/08\/machines.jpg\",\"datePublished\":\"2025-05-07T10:16:00+00:00\",\"breadcrumb\":{\"@id\":\"https:\/\/chantreuil.fr\/en\/skills\/our-technical-means\/#breadcrumb\"},\"inLanguage\":\"en-US\",\"potentialAction\":[{\"@type\":\"ReadAction\",\"target\":[\"https:\/\/chantreuil.fr\/en\/skills\/our-technical-means\/\"]}]},{\"@type\":\"ImageObject\",\"inLanguage\":\"en-US\",\"@id\":\"https:\/\/chantreuil.fr\/en\/skills\/our-technical-means\/#primaryimage\",\"url\":\"https:\/\/chantreuil.fr\/wp-content\/uploads\/2022\/08\/machines.jpg\",\"contentUrl\":\"https:\/\/chantreuil.fr\/wp-content\/uploads\/2022\/08\/machines.jpg\",\"width\":1728,\"height\":420},{\"@type\":\"BreadcrumbList\",\"@id\":\"https:\/\/chantreuil.fr\/en\/skills\/our-technical-means\/#breadcrumb\",\"itemListElement\":[{\"@type\":\"ListItem\",\"position\":1,\"name\":\"Accueil\",\"item\":\"https:\/\/chantreuil.fr\/en\/\"},{\"@type\":\"ListItem\",\"position\":2,\"name\":\"Skills\",\"item\":\"https:\/\/chantreuil.fr\/en\/skills\/\"},{\"@type\":\"ListItem\",\"position\":3,\"name\":\"Our technical means\"}]},{\"@type\":\"WebSite\",\"@id\":\"https:\/\/chantreuil.fr\/en\/#website\",\"url\":\"https:\/\/chantreuil.fr\/en\/\",\"name\":\"Chantreuil\",\"description\":\"Au service des industries de pointe\",\"potentialAction\":[{\"@type\":\"SearchAction\",\"target\":{\"@type\":\"EntryPoint\",\"urlTemplate\":\"https:\/\/chantreuil.fr\/en\/?s={search_term_string}\"},\"query-input\":{\"@type\":\"PropertyValueSpecification\",\"valueRequired\":true,\"valueName\":\"search_term_string\"}}],\"inLanguage\":\"en-US\"}]}<\/script>\n<!-- \/ Yoast SEO plugin. -->","yoast_head_json":{"title":"Our technical means - Chantreuil","robots":{"index":"index","follow":"follow","max-snippet":"max-snippet:-1","max-image-preview":"max-image-preview:large","max-video-preview":"max-video-preview:-1"},"canonical":"https:\/\/chantreuil.fr\/en\/skills\/our-technical-means\/","og_locale":"en_US","og_type":"article","og_title":"Our technical means - Chantreuil","og_description":"Entre innovation et efficacit\u00e9, nos domaines d\u2019activit\u00e9 concentrent des \u00e9quipements de pointe et ergonomiques. Atelier usinage pi\u00e8ces unitaires Atelier de 2000m2 1 centre d\u2019usinage 5+1 axes (capacit\u00e9 maxi 4000 x 2700 x 1000) 1 centre d\u2019usinage 5 axes (capacit\u00e9 maxi 3000 x 800 x 800) 3 centres d\u2019usinages 3 axes (capacit\u00e9 maxi 3000 x 2000...","og_url":"https:\/\/chantreuil.fr\/en\/skills\/our-technical-means\/","og_site_name":"Chantreuil","og_image":[{"url":"https:\/\/chantreuil.fr\/wp-content\/uploads\/2023\/06\/piece-unitaires.png","type":"","width":"","height":""}],"twitter_card":"summary_large_image","twitter_misc":{"Est. reading time":"1 minute"},"schema":{"@context":"https:\/\/schema.org","@graph":[{"@type":"WebPage","@id":"https:\/\/chantreuil.fr\/en\/skills\/our-technical-means\/","url":"https:\/\/chantreuil.fr\/en\/skills\/our-technical-means\/","name":"Our technical means - Chantreuil","isPartOf":{"@id":"https:\/\/chantreuil.fr\/en\/#website"},"primaryImageOfPage":{"@id":"https:\/\/chantreuil.fr\/en\/skills\/our-technical-means\/#primaryimage"},"image":{"@id":"https:\/\/chantreuil.fr\/en\/skills\/our-technical-means\/#primaryimage"},"thumbnailUrl":"https:\/\/chantreuil.fr\/wp-content\/uploads\/2022\/08\/machines.jpg","datePublished":"2025-05-07T10:16:00+00:00","breadcrumb":{"@id":"https:\/\/chantreuil.fr\/en\/skills\/our-technical-means\/#breadcrumb"},"inLanguage":"en-US","potentialAction":[{"@type":"ReadAction","target":["https:\/\/chantreuil.fr\/en\/skills\/our-technical-means\/"]}]},{"@type":"ImageObject","inLanguage":"en-US","@id":"https:\/\/chantreuil.fr\/en\/skills\/our-technical-means\/#primaryimage","url":"https:\/\/chantreuil.fr\/wp-content\/uploads\/2022\/08\/machines.jpg","contentUrl":"https:\/\/chantreuil.fr\/wp-content\/uploads\/2022\/08\/machines.jpg","width":1728,"height":420},{"@type":"BreadcrumbList","@id":"https:\/\/chantreuil.fr\/en\/skills\/our-technical-means\/#breadcrumb","itemListElement":[{"@type":"ListItem","position":1,"name":"Accueil","item":"https:\/\/chantreuil.fr\/en\/"},{"@type":"ListItem","position":2,"name":"Skills","item":"https:\/\/chantreuil.fr\/en\/skills\/"},{"@type":"ListItem","position":3,"name":"Our technical means"}]},{"@type":"WebSite","@id":"https:\/\/chantreuil.fr\/en\/#website","url":"https:\/\/chantreuil.fr\/en\/","name":"Chantreuil","description":"Au service des industries de pointe","potentialAction":[{"@type":"SearchAction","target":{"@type":"EntryPoint","urlTemplate":"https:\/\/chantreuil.fr\/en\/?s={search_term_string}"},"query-input":{"@type":"PropertyValueSpecification","valueRequired":true,"valueName":"search_term_string"}}],"inLanguage":"en-US"}]}},"_links":{"self":[{"href":"https:\/\/chantreuil.fr\/en\/wp-json\/wp\/v2\/pages\/1310","targetHints":{"allow":["GET"]}}],"collection":[{"href":"https:\/\/chantreuil.fr\/en\/wp-json\/wp\/v2\/pages"}],"about":[{"href":"https:\/\/chantreuil.fr\/en\/wp-json\/wp\/v2\/types\/page"}],"author":[{"embeddable":true,"href":"https:\/\/chantreuil.fr\/en\/wp-json\/wp\/v2\/users\/1"}],"replies":[{"embeddable":true,"href":"https:\/\/chantreuil.fr\/en\/wp-json\/wp\/v2\/comments?post=1310"}],"version-history":[{"count":0,"href":"https:\/\/chantreuil.fr\/en\/wp-json\/wp\/v2\/pages\/1310\/revisions"}],"up":[{"embeddable":true,"href":"https:\/\/chantreuil.fr\/en\/wp-json\/wp\/v2\/pages\/282"}],"wp:featuredmedia":[{"embeddable":true,"href":"https:\/\/chantreuil.fr\/en\/wp-json\/wp\/v2\/media\/657"}],"wp:attachment":[{"href":"https:\/\/chantreuil.fr\/en\/wp-json\/wp\/v2\/media?parent=1310"}],"curies":[{"name":"wp","href":"https:\/\/api.w.org\/{rel}","templated":true}]}}