{"id":276,"date":"2022-07-19T14:17:59","date_gmt":"2022-07-19T12:17:59","guid":{"rendered":"http:\/\/chantreuil.fr\/quality-commitment\/"},"modified":"2023-10-05T16:33:40","modified_gmt":"2023-10-05T14:33:40","slug":"quality-commitment","status":"publish","type":"page","link":"https:\/\/chantreuil.fr\/en\/quality-commitment\/","title":{"rendered":"Quality commitment"},"content":{"rendered":"\n<div style=\"height:7vh\" aria-hidden=\"true\" class=\"wp-block-spacer\"><\/div>\n\n\n\n<h2 class=\"wp-block-heading has-text-align-center exception\">Nos contr\u00f4les qualit\u00e9<\/h2>\n\n\n\n<div style=\"height:2vh\" aria-hidden=\"true\" class=\"wp-block-spacer\"><\/div>\n\n\n\n<div class=\"wp-block-columns is-layout-flex wp-container-core-columns-is-layout-9d6595d7 wp-block-columns-is-layout-flex\">\n<div class=\"wp-block-column is-layout-flow wp-block-column-is-layout-flow\">\n<figure class=\"wp-block-image size-large\"><img decoding=\"async\" width=\"777\" height=\"1024\" src=\"https:\/\/chantreuil.fr\/wp-content\/uploads\/2023\/06\/Rectangle-83-777x1024.png\" alt=\"\" class=\"wp-image-938\" srcset=\"https:\/\/chantreuil.fr\/wp-content\/uploads\/2023\/06\/Rectangle-83-777x1024.png 777w, https:\/\/chantreuil.fr\/wp-content\/uploads\/2023\/06\/Rectangle-83-228x300.png 228w, https:\/\/chantreuil.fr\/wp-content\/uploads\/2023\/06\/Rectangle-83-768x1012.png 768w, https:\/\/chantreuil.fr\/wp-content\/uploads\/2023\/06\/Rectangle-83.png 785w\" sizes=\"(max-width: 777px) 100vw, 777px\" \/><\/figure>\n<\/div>\n\n\n\n<div class=\"wp-block-column is-layout-flow wp-block-column-is-layout-flow\">\n<p style=\"font-size:25px\"><strong>Les contr\u00f4les sont imbriqu\u00e9s tout au long de nos processus de r\u00e9alisation.<\/strong><\/p>\n\n\n\n<p>Deux salles nous permettent de v\u00e9rifier la conformit\u00e9 de nos produits. Alliant moyens num\u00e9riques \u00e0 de solides qualifications humaines, nos contr\u00f4leurs inspectent en d\u00e9tail et avec pr\u00e9caution chaque ouvrage et certifient nos productions. Nos \u00e9quipes sont en mesure de mettre en \u0153uvre des plans qualit\u00e9 (LOFC, etc.) en fonction des besoins de nos clients.<\/p>\n<\/div>\n<\/div>\n\n\n<div id=\"collapse-block_d3f771dbd02f246120acac0716b717f2\" class=\"collapse-block\" >\n\n    <div class=\"title\">\n        <a data-toggle=\"collapse\" href=\"#collapse-collapse-block_d3f771dbd02f246120acac0716b717f2\" role=\"button\" class=\"collapsebtn\" aria-expanded=\"false\" aria-controls=\"collapse-collapse-block_d3f771dbd02f246120acac0716b717f2\">\n            Nos moyens de contr\u00f4le            <span class=\"icon-arrow-up1\"><\/span>\n            <span class=\"icon-arrow-down1\"><\/span>\n        <\/a>\n    <\/div>\n    <div class=\"collapse show\" id=\"collapse-collapse-block_d3f771dbd02f246120acac0716b717f2\">\n        <div class=\"card card-body\">\n            <ul>\n<li><strong>2 salles de contr\u00f4les climatis\u00e9es<\/strong><\/li>\n<li><strong>MMT 3D NIKON de capacit\u00e9 2000x1200x800<\/strong><\/li>\n<li><strong>MMT 3D MITUTOYO avec t\u00eate de scanning 3D<\/strong><\/li>\n<li><strong>MMT 3D optique Keyence XM<\/strong><\/li>\n<li><strong>MMT 3D LK Integra CN<\/strong><\/li>\n<li><strong>5 colonnes de mesure<\/strong><\/li>\n<li><strong>Mesureur d\u2019\u00e9paisseur US<\/strong><\/li>\n<li><strong>Contr\u00f4leur endoscopique<\/strong><\/li>\n<li><strong>Mesureur de duret\u00e9<\/strong><\/li>\n<li><strong>Outils de mesure conventionnels<\/strong><\/li>\n<li><strong>Ressuage Cofrend Niveau II r\u00e9alis\u00e9 en interne<\/strong><\/li>\n<\/ul>\n        <\/div>\n    <\/div>\n<\/div>\n\n\n<div style=\"height:2vw\" aria-hidden=\"true\" class=\"wp-block-spacer\"><\/div>\n\n\n\n<h2 class=\"wp-block-heading\">Nos certifications<\/h2>\n\n\n\n<figure class=\"wp-block-image size-full\"><img decoding=\"async\" width=\"800\" height=\"234\" src=\"https:\/\/chantreuil.fr\/wp-content\/uploads\/2023\/06\/Rectangle-83-1.png\" alt=\"\" class=\"wp-image-945\" srcset=\"https:\/\/chantreuil.fr\/wp-content\/uploads\/2023\/06\/Rectangle-83-1.png 800w, https:\/\/chantreuil.fr\/wp-content\/uploads\/2023\/06\/Rectangle-83-1-300x88.png 300w, https:\/\/chantreuil.fr\/wp-content\/uploads\/2023\/06\/Rectangle-83-1-768x225.png 768w\" sizes=\"(max-width: 800px) 100vw, 800px\" \/><\/figure>\n\n\n\n<div style=\"height:1vh\" aria-hidden=\"true\" class=\"wp-block-spacer\"><\/div>\n\n\n\n<div class=\"wp-block-columns are-vertically-aligned-center is-layout-flex wp-container-core-columns-is-layout-9d6595d7 wp-block-columns-is-layout-flex\">\n<div class=\"wp-block-column is-vertically-aligned-center is-layout-flow wp-block-column-is-layout-flow\" style=\"flex-basis:33.33%\"><div class=\"pictotexte-bloc\">\n    <img decoding=\"async\" src=\"https:\/\/chantreuil.fr\/wp-content\/uploads\/2022\/07\/iso900.svg\" alt=\"\">\n    <p>L&#8217;ISO 9001:2015<\/p>\n<\/div><\/div>\n\n\n\n<div class=\"wp-block-column is-vertically-aligned-center is-layout-flow wp-block-column-is-layout-flow\" style=\"flex-basis:66.66%\">\n<p><strong><mark style=\"background-color:rgba(0, 0, 0, 0)\" class=\"has-inline-color has-red-color\">Nos activit\u00e9s sont toutes certifi\u00e9es selon le r\u00e9f\u00e9rentiel ISO 9001-2015. <span style=\"color:#FFF\" class=\"tadv-color\">Cette certification atteste de la robustesse de notre organisation et de notre aptitude \u00e0 fournir constamment des produits et des services conformes aux exigences de nos clients, ainsi qu\u2019aux exigences l\u00e9gales et r\u00e9glementaires applicables. Elle vise aussi \u00e0 accro\u00eetre la satisfaction de nos clients par la remise en cause p\u00e9riodique de nos processus.<\/span><\/mark><\/strong><\/p>\n<\/div>\n<\/div>\n\n\n\n<div class=\"wp-block-columns are-vertically-aligned-center is-layout-flex wp-container-core-columns-is-layout-9d6595d7 wp-block-columns-is-layout-flex\">\n<div class=\"wp-block-column is-vertically-aligned-center is-layout-flow wp-block-column-is-layout-flow\" style=\"flex-basis:33.33%\"><div class=\"pictotexte-bloc\">\n    <img decoding=\"async\" src=\"https:\/\/chantreuil.fr\/wp-content\/uploads\/2022\/07\/normeEN.svg\" alt=\"\">\n    <p>La norme EN 9100:2018<\/p>\n<\/div><\/div>\n\n\n\n<div class=\"wp-block-column is-vertically-aligned-center is-layout-flow wp-block-column-is-layout-flow\" style=\"flex-basis:66.66%\">\n<p><strong><mark style=\"background-color:rgba(0, 0, 0, 0)\" class=\"has-inline-color has-red-color\">Notre site de production de pi\u00e8ces r\u00e9currentes est certifi\u00e9 selon la norme EN 9100:2018, sp\u00e9cifique \u00e0 la fili\u00e8re A\u00e9ronautique, Spatial et D\u00e9fense (ASD). <span style=\"color:#FFF\" class=\"tadv-color\">Cette norme certifie notre syst\u00e8me de management de la qualit\u00e9 au regard des exigences sp\u00e9cifiques au secteur a\u00e9ronautique.<\/span><\/mark><\/strong><\/p>\n<\/div>\n<\/div>\n","protected":false},"excerpt":{"rendered":"<p>Nos contr\u00f4les qualit\u00e9 Les contr\u00f4les sont imbriqu\u00e9s tout au long de nos processus de r\u00e9alisation. Deux salles nous permettent de v\u00e9rifier la conformit\u00e9 de nos produits. Alliant moyens num\u00e9riques \u00e0 de solides qualifications humaines, nos contr\u00f4leurs inspectent en d\u00e9tail et avec pr\u00e9caution chaque ouvrage et certifient nos productions. Nos \u00e9quipes sont en mesure de mettre&#8230;<\/p>\n","protected":false},"author":1,"featured_media":428,"parent":0,"menu_order":0,"comment_status":"closed","ping_status":"closed","template":"","meta":{"_acf_changed":false,"footnotes":""},"class_list":["post-276","page","type-page","status-publish","has-post-thumbnail","hentry"],"acf":[],"yoast_head":"<!-- This site is optimized with the Yoast SEO plugin v25.3.1 - https:\/\/yoast.com\/wordpress\/plugins\/seo\/ -->\n<title>Quality commitment - Chantreuil<\/title>\n<meta name=\"robots\" content=\"index, follow, max-snippet:-1, max-image-preview:large, max-video-preview:-1\" \/>\n<link rel=\"canonical\" href=\"https:\/\/chantreuil.fr\/en\/quality-commitment\/\" \/>\n<meta property=\"og:locale\" content=\"en_US\" \/>\n<meta property=\"og:type\" content=\"article\" \/>\n<meta property=\"og:title\" content=\"Quality commitment - Chantreuil\" \/>\n<meta property=\"og:description\" content=\"Nos contr\u00f4les qualit\u00e9 Les contr\u00f4les sont imbriqu\u00e9s tout au long de nos processus de r\u00e9alisation. Deux salles nous permettent de v\u00e9rifier la conformit\u00e9 de nos produits. Alliant moyens num\u00e9riques \u00e0 de solides qualifications humaines, nos contr\u00f4leurs inspectent en d\u00e9tail et avec pr\u00e9caution chaque ouvrage et certifient nos productions. Nos \u00e9quipes sont en mesure de mettre...\" \/>\n<meta property=\"og:url\" content=\"https:\/\/chantreuil.fr\/en\/quality-commitment\/\" \/>\n<meta property=\"og:site_name\" content=\"Chantreuil\" \/>\n<meta property=\"article:modified_time\" content=\"2023-10-05T14:33:40+00:00\" \/>\n<meta property=\"og:image\" content=\"http:\/\/chantreuil.fr\/wp-content\/uploads\/2022\/07\/engagement_qualite-scaled.jpg\" \/>\n\t<meta property=\"og:image:width\" content=\"2560\" \/>\n\t<meta property=\"og:image:height\" content=\"622\" \/>\n\t<meta property=\"og:image:type\" content=\"image\/jpeg\" \/>\n<meta name=\"twitter:card\" content=\"summary_large_image\" \/>\n<meta name=\"twitter:label1\" content=\"Est. reading time\" \/>\n\t<meta name=\"twitter:data1\" content=\"2 minutes\" \/>\n<script type=\"application\/ld+json\" class=\"yoast-schema-graph\">{\"@context\":\"https:\/\/schema.org\",\"@graph\":[{\"@type\":\"WebPage\",\"@id\":\"https:\/\/chantreuil.fr\/en\/quality-commitment\/\",\"url\":\"https:\/\/chantreuil.fr\/en\/quality-commitment\/\",\"name\":\"Quality commitment - Chantreuil\",\"isPartOf\":{\"@id\":\"https:\/\/chantreuil.fr\/en\/#website\"},\"primaryImageOfPage\":{\"@id\":\"https:\/\/chantreuil.fr\/en\/quality-commitment\/#primaryimage\"},\"image\":{\"@id\":\"https:\/\/chantreuil.fr\/en\/quality-commitment\/#primaryimage\"},\"thumbnailUrl\":\"https:\/\/chantreuil.fr\/wp-content\/uploads\/2022\/07\/engagement_qualite-scaled.jpg\",\"datePublished\":\"2022-07-19T12:17:59+00:00\",\"dateModified\":\"2023-10-05T14:33:40+00:00\",\"breadcrumb\":{\"@id\":\"https:\/\/chantreuil.fr\/en\/quality-commitment\/#breadcrumb\"},\"inLanguage\":\"en-US\",\"potentialAction\":[{\"@type\":\"ReadAction\",\"target\":[\"https:\/\/chantreuil.fr\/en\/quality-commitment\/\"]}]},{\"@type\":\"ImageObject\",\"inLanguage\":\"en-US\",\"@id\":\"https:\/\/chantreuil.fr\/en\/quality-commitment\/#primaryimage\",\"url\":\"https:\/\/chantreuil.fr\/wp-content\/uploads\/2022\/07\/engagement_qualite-scaled.jpg\",\"contentUrl\":\"https:\/\/chantreuil.fr\/wp-content\/uploads\/2022\/07\/engagement_qualite-scaled.jpg\",\"width\":2560,\"height\":622},{\"@type\":\"BreadcrumbList\",\"@id\":\"https:\/\/chantreuil.fr\/en\/quality-commitment\/#breadcrumb\",\"itemListElement\":[{\"@type\":\"ListItem\",\"position\":1,\"name\":\"Accueil\",\"item\":\"https:\/\/chantreuil.fr\/en\/\"},{\"@type\":\"ListItem\",\"position\":2,\"name\":\"Quality commitment\"}]},{\"@type\":\"WebSite\",\"@id\":\"https:\/\/chantreuil.fr\/en\/#website\",\"url\":\"https:\/\/chantreuil.fr\/en\/\",\"name\":\"Chantreuil\",\"description\":\"Au service des industries de pointe\",\"potentialAction\":[{\"@type\":\"SearchAction\",\"target\":{\"@type\":\"EntryPoint\",\"urlTemplate\":\"https:\/\/chantreuil.fr\/en\/?s={search_term_string}\"},\"query-input\":{\"@type\":\"PropertyValueSpecification\",\"valueRequired\":true,\"valueName\":\"search_term_string\"}}],\"inLanguage\":\"en-US\"}]}<\/script>\n<!-- \/ Yoast SEO plugin. -->","yoast_head_json":{"title":"Quality commitment - Chantreuil","robots":{"index":"index","follow":"follow","max-snippet":"max-snippet:-1","max-image-preview":"max-image-preview:large","max-video-preview":"max-video-preview:-1"},"canonical":"https:\/\/chantreuil.fr\/en\/quality-commitment\/","og_locale":"en_US","og_type":"article","og_title":"Quality commitment - Chantreuil","og_description":"Nos contr\u00f4les qualit\u00e9 Les contr\u00f4les sont imbriqu\u00e9s tout au long de nos processus de r\u00e9alisation. Deux salles nous permettent de v\u00e9rifier la conformit\u00e9 de nos produits. Alliant moyens num\u00e9riques \u00e0 de solides qualifications humaines, nos contr\u00f4leurs inspectent en d\u00e9tail et avec pr\u00e9caution chaque ouvrage et certifient nos productions. Nos \u00e9quipes sont en mesure de mettre...","og_url":"https:\/\/chantreuil.fr\/en\/quality-commitment\/","og_site_name":"Chantreuil","article_modified_time":"2023-10-05T14:33:40+00:00","og_image":[{"width":2560,"height":622,"url":"http:\/\/chantreuil.fr\/wp-content\/uploads\/2022\/07\/engagement_qualite-scaled.jpg","type":"image\/jpeg"}],"twitter_card":"summary_large_image","twitter_misc":{"Est. reading time":"2 minutes"},"schema":{"@context":"https:\/\/schema.org","@graph":[{"@type":"WebPage","@id":"https:\/\/chantreuil.fr\/en\/quality-commitment\/","url":"https:\/\/chantreuil.fr\/en\/quality-commitment\/","name":"Quality commitment - Chantreuil","isPartOf":{"@id":"https:\/\/chantreuil.fr\/en\/#website"},"primaryImageOfPage":{"@id":"https:\/\/chantreuil.fr\/en\/quality-commitment\/#primaryimage"},"image":{"@id":"https:\/\/chantreuil.fr\/en\/quality-commitment\/#primaryimage"},"thumbnailUrl":"https:\/\/chantreuil.fr\/wp-content\/uploads\/2022\/07\/engagement_qualite-scaled.jpg","datePublished":"2022-07-19T12:17:59+00:00","dateModified":"2023-10-05T14:33:40+00:00","breadcrumb":{"@id":"https:\/\/chantreuil.fr\/en\/quality-commitment\/#breadcrumb"},"inLanguage":"en-US","potentialAction":[{"@type":"ReadAction","target":["https:\/\/chantreuil.fr\/en\/quality-commitment\/"]}]},{"@type":"ImageObject","inLanguage":"en-US","@id":"https:\/\/chantreuil.fr\/en\/quality-commitment\/#primaryimage","url":"https:\/\/chantreuil.fr\/wp-content\/uploads\/2022\/07\/engagement_qualite-scaled.jpg","contentUrl":"https:\/\/chantreuil.fr\/wp-content\/uploads\/2022\/07\/engagement_qualite-scaled.jpg","width":2560,"height":622},{"@type":"BreadcrumbList","@id":"https:\/\/chantreuil.fr\/en\/quality-commitment\/#breadcrumb","itemListElement":[{"@type":"ListItem","position":1,"name":"Accueil","item":"https:\/\/chantreuil.fr\/en\/"},{"@type":"ListItem","position":2,"name":"Quality commitment"}]},{"@type":"WebSite","@id":"https:\/\/chantreuil.fr\/en\/#website","url":"https:\/\/chantreuil.fr\/en\/","name":"Chantreuil","description":"Au service des industries de pointe","potentialAction":[{"@type":"SearchAction","target":{"@type":"EntryPoint","urlTemplate":"https:\/\/chantreuil.fr\/en\/?s={search_term_string}"},"query-input":{"@type":"PropertyValueSpecification","valueRequired":true,"valueName":"search_term_string"}}],"inLanguage":"en-US"}]}},"_links":{"self":[{"href":"https:\/\/chantreuil.fr\/en\/wp-json\/wp\/v2\/pages\/276","targetHints":{"allow":["GET"]}}],"collection":[{"href":"https:\/\/chantreuil.fr\/en\/wp-json\/wp\/v2\/pages"}],"about":[{"href":"https:\/\/chantreuil.fr\/en\/wp-json\/wp\/v2\/types\/page"}],"author":[{"embeddable":true,"href":"https:\/\/chantreuil.fr\/en\/wp-json\/wp\/v2\/users\/1"}],"replies":[{"embeddable":true,"href":"https:\/\/chantreuil.fr\/en\/wp-json\/wp\/v2\/comments?post=276"}],"version-history":[{"count":1,"href":"https:\/\/chantreuil.fr\/en\/wp-json\/wp\/v2\/pages\/276\/revisions"}],"predecessor-version":[{"id":1362,"href":"https:\/\/chantreuil.fr\/en\/wp-json\/wp\/v2\/pages\/276\/revisions\/1362"}],"wp:featuredmedia":[{"embeddable":true,"href":"https:\/\/chantreuil.fr\/en\/wp-json\/wp\/v2\/media\/428"}],"wp:attachment":[{"href":"https:\/\/chantreuil.fr\/en\/wp-json\/wp\/v2\/media?parent=276"}],"curies":[{"name":"wp","href":"https:\/\/api.w.org\/{rel}","templated":true}]}}