{"id":282,"date":"2022-07-19T14:17:37","date_gmt":"2022-07-19T12:17:37","guid":{"rendered":"http:\/\/chantreuil.fr\/skills\/"},"modified":"2023-10-04T14:24:34","modified_gmt":"2023-10-04T12:24:34","slug":"skills","status":"publish","type":"page","link":"https:\/\/chantreuil.fr\/en\/skills\/","title":{"rendered":"Skills"},"content":{"rendered":"\n<div class=\"wp-block-columns is-layout-flex wp-container-core-columns-is-layout-9d6595d7 wp-block-columns-is-layout-flex\">\n<div class=\"wp-block-column is-layout-flow wp-block-column-is-layout-flow\"><div class=\"wp-block-image size-full\">\n<figure class=\"aligncenter\"><img decoding=\"async\" width=\"452\" height=\"464\" src=\"http:\/\/chantreuil.fr\/wp-content\/uploads\/2022\/07\/competences.jpg\" alt=\"\" class=\"wp-image-495\" srcset=\"https:\/\/chantreuil.fr\/wp-content\/uploads\/2022\/07\/competences.jpg 452w, https:\/\/chantreuil.fr\/wp-content\/uploads\/2022\/07\/competences-292x300.jpg 292w\" sizes=\"(max-width: 452px) 100vw, 452px\" \/><\/figure><\/div><\/div>\n\n\n\n<div class=\"wp-block-column is-layout-flow wp-block-column-is-layout-flow\">\n<p class=\"subtitle\">Notre R\u00e9solution<\/p>\n\n\n\n<p class=\"has-medium-font-size\"><strong>Rigoureux, flexible et d\u00e9termin\u00e9, notre groupe collabore en rang 1 <mark class=\"has-inline-color has-red-color\" style=\"background-color: rgba(0, 0, 0, 0);\">(\u00e0 90% de notre activit\u00e9)<\/mark> avec de tr\u00e8s grands groupes industriels<\/strong> (Naval group, Siemens, Orano par exemple).<\/p>\n\n\n\n<p>Nos expertises et notre organisation formulent, dans un environnement complexe et le respect de leurs cahiers des charges d\u00e9taill\u00e9s, des r\u00e9ponses sp\u00e9cifiques. Au-del\u00e0, de la fabrication de pi\u00e8ces et d\u2019ensembles, nous r\u00e9pondons \u00e0 l\u2019ensemble des besoins de nos partenaires, de l\u2019achat de mati\u00e8res techniques \u00e0 la r\u00e9alisation de traitements sur produits finis.<\/p>\n<\/div>\n<\/div>\n\n\n\n<p class=\"has-text-align-center subtitle\">Nos Engagements<\/p>\n\n\n\n<div style=\"height:3vh\" aria-hidden=\"true\" class=\"wp-block-spacer\"><\/div>\n\n\n\n<div class=\"wp-block-columns is-layout-flex wp-container-core-columns-is-layout-9d6595d7 wp-block-columns-is-layout-flex\">\n<div class=\"wp-block-column is-layout-flow wp-block-column-is-layout-flow\"><div class=\"bloc-engagements\" style=\"background-image: url('https:\/\/chantreuil.fr\/wp-content\/uploads\/2022\/07\/Group-91-e1660032125891.jpg')\">\n    <svg width=\"349\" height=\"349\" viewBox=\"0 0 349 349\" fill=\"none\" xmlns=\"http:\/\/www.w3.org\/2000\/svg\">\n    <path d=\"M250.747 98.2238C270.253 117.733 282.325 144.717 282.325 174.5C282.325 234.066 234.038 282.358 174.48 282.358C114.921 282.358 66.634 234.066 66.634 174.5C66.634 144.717 78.7056 117.773 98.2122 98.2238L51.0847 51.0908C19.5065 82.6727 0 126.288 0 174.5C0 270.885 78.1061 349 174.48 349C270.853 349 348.959 270.885 348.959 174.5C348.959 126.328 329.413 82.6727 297.874 51.0908L250.747 98.2238Z\" fill=\"white\" fill-opacity=\"0.88\" \/>\n    <path d=\"M89.1782 22.2672L174.519 107.618L259.86 22.2672C234.638 8.07537 205.538 0 174.519 0C143.501 0 114.441 8.07537 89.1782 22.2672Z\" fill=\"#C73338\" \/>\n<\/svg>    <h3>Servir nos partenaires<\/h3>\n    <p><strong>Nous faisons notre maximum pour chaque demande. <span style=\"color: #c73338\">\u00c9coute des besoins, analyse minutieuse des contraintes techniques, formulation de r\u00e9ponses justes et durables.<\/span><\/strong><\/p>\n<\/div><\/div>\n\n\n\n<div class=\"wp-block-column is-layout-flow wp-block-column-is-layout-flow\"><div class=\"bloc-engagements\" style=\"background-image: url('https:\/\/chantreuil.fr\/wp-content\/uploads\/2022\/07\/Group-92.jpg')\">\n    <svg width=\"349\" height=\"349\" viewBox=\"0 0 349 349\" fill=\"none\" xmlns=\"http:\/\/www.w3.org\/2000\/svg\">\n    <path d=\"M250.747 98.2238C270.253 117.733 282.325 144.717 282.325 174.5C282.325 234.066 234.038 282.358 174.48 282.358C114.921 282.358 66.634 234.066 66.634 174.5C66.634 144.717 78.7056 117.773 98.2122 98.2238L51.0847 51.0908C19.5065 82.6727 0 126.288 0 174.5C0 270.885 78.1061 349 174.48 349C270.853 349 348.959 270.885 348.959 174.5C348.959 126.328 329.413 82.6727 297.874 51.0908L250.747 98.2238Z\" fill=\"white\" fill-opacity=\"0.88\" \/>\n    <path d=\"M89.1782 22.2672L174.519 107.618L259.86 22.2672C234.638 8.07537 205.538 0 174.519 0C143.501 0 114.441 8.07537 89.1782 22.2672Z\" fill=\"#C73338\" \/>\n<\/svg>    <h3>Allier technicit\u00e9 et ma\u00eetrise<\/h3>\n    <p><strong>Nos savoir-faire conjugu\u00e9s \u00e0 nos sp\u00e9cificit\u00e9s technologiques font notre force et notre diff\u00e9rence. <span style=\"color: #c73338\">Tournage vertical, centre d\u2019usinage 5 axes palettis\u00e9s, centre d\u2019usinage 5 axes grandes dimensions : nous associons des outils innovants, singuliers aux expertises d\u2019op\u00e9rateurs aguerris.<\/span><\/strong><\/p>\n<\/div><\/div>\n<\/div>\n","protected":false},"excerpt":{"rendered":"<p>Notre R\u00e9solution Rigoureux, flexible et d\u00e9termin\u00e9, notre groupe collabore en rang 1 (\u00e0 90% de notre activit\u00e9) avec de tr\u00e8s grands groupes industriels (Naval group, Siemens, Orano par exemple). Nos expertises et notre organisation formulent, dans un environnement complexe et le respect de leurs cahiers des charges d\u00e9taill\u00e9s, des r\u00e9ponses sp\u00e9cifiques. Au-del\u00e0, de la fabrication&#8230;<\/p>\n","protected":false},"author":1,"featured_media":0,"parent":0,"menu_order":0,"comment_status":"closed","ping_status":"closed","template":"redirections.php","meta":{"_acf_changed":false,"footnotes":""},"class_list":["post-282","page","type-page","status-publish","hentry"],"acf":[],"yoast_head":"<!-- This site is optimized with the Yoast SEO plugin v25.3.1 - https:\/\/yoast.com\/wordpress\/plugins\/seo\/ -->\n<title>Skills - Chantreuil<\/title>\n<meta name=\"robots\" content=\"index, follow, max-snippet:-1, max-image-preview:large, max-video-preview:-1\" \/>\n<link rel=\"canonical\" href=\"https:\/\/chantreuil.fr\/en\/skills\/\" \/>\n<meta property=\"og:locale\" content=\"en_US\" \/>\n<meta property=\"og:type\" content=\"article\" \/>\n<meta property=\"og:title\" content=\"Skills - Chantreuil\" \/>\n<meta property=\"og:description\" content=\"Notre R\u00e9solution Rigoureux, flexible et d\u00e9termin\u00e9, notre groupe collabore en rang 1 (\u00e0 90% de notre activit\u00e9) avec de tr\u00e8s grands groupes industriels (Naval group, Siemens, Orano par exemple). Nos expertises et notre organisation formulent, dans un environnement complexe et le respect de leurs cahiers des charges d\u00e9taill\u00e9s, des r\u00e9ponses sp\u00e9cifiques. Au-del\u00e0, de la fabrication...\" \/>\n<meta property=\"og:url\" content=\"https:\/\/chantreuil.fr\/en\/skills\/\" \/>\n<meta property=\"og:site_name\" content=\"Chantreuil\" \/>\n<meta property=\"article:modified_time\" content=\"2023-10-04T12:24:34+00:00\" \/>\n<meta property=\"og:image\" content=\"http:\/\/chantreuil.fr\/wp-content\/uploads\/2022\/07\/competences.jpg\" \/>\n<meta name=\"twitter:card\" content=\"summary_large_image\" \/>\n<meta name=\"twitter:label1\" content=\"Est. reading time\" \/>\n\t<meta name=\"twitter:data1\" content=\"1 minute\" \/>\n<script type=\"application\/ld+json\" class=\"yoast-schema-graph\">{\"@context\":\"https:\/\/schema.org\",\"@graph\":[{\"@type\":\"WebPage\",\"@id\":\"https:\/\/chantreuil.fr\/en\/skills\/\",\"url\":\"https:\/\/chantreuil.fr\/en\/skills\/\",\"name\":\"Skills - Chantreuil\",\"isPartOf\":{\"@id\":\"https:\/\/chantreuil.fr\/en\/#website\"},\"primaryImageOfPage\":{\"@id\":\"https:\/\/chantreuil.fr\/en\/skills\/#primaryimage\"},\"image\":{\"@id\":\"https:\/\/chantreuil.fr\/en\/skills\/#primaryimage\"},\"thumbnailUrl\":\"http:\/\/chantreuil.fr\/wp-content\/uploads\/2022\/07\/competences.jpg\",\"datePublished\":\"2022-07-19T12:17:37+00:00\",\"dateModified\":\"2023-10-04T12:24:34+00:00\",\"breadcrumb\":{\"@id\":\"https:\/\/chantreuil.fr\/en\/skills\/#breadcrumb\"},\"inLanguage\":\"en-US\",\"potentialAction\":[{\"@type\":\"ReadAction\",\"target\":[\"https:\/\/chantreuil.fr\/en\/skills\/\"]}]},{\"@type\":\"ImageObject\",\"inLanguage\":\"en-US\",\"@id\":\"https:\/\/chantreuil.fr\/en\/skills\/#primaryimage\",\"url\":\"http:\/\/chantreuil.fr\/wp-content\/uploads\/2022\/07\/competences.jpg\",\"contentUrl\":\"http:\/\/chantreuil.fr\/wp-content\/uploads\/2022\/07\/competences.jpg\"},{\"@type\":\"BreadcrumbList\",\"@id\":\"https:\/\/chantreuil.fr\/en\/skills\/#breadcrumb\",\"itemListElement\":[{\"@type\":\"ListItem\",\"position\":1,\"name\":\"Accueil\",\"item\":\"https:\/\/chantreuil.fr\/en\/\"},{\"@type\":\"ListItem\",\"position\":2,\"name\":\"Skills\"}]},{\"@type\":\"WebSite\",\"@id\":\"https:\/\/chantreuil.fr\/en\/#website\",\"url\":\"https:\/\/chantreuil.fr\/en\/\",\"name\":\"Chantreuil\",\"description\":\"Au service des industries de pointe\",\"potentialAction\":[{\"@type\":\"SearchAction\",\"target\":{\"@type\":\"EntryPoint\",\"urlTemplate\":\"https:\/\/chantreuil.fr\/en\/?s={search_term_string}\"},\"query-input\":{\"@type\":\"PropertyValueSpecification\",\"valueRequired\":true,\"valueName\":\"search_term_string\"}}],\"inLanguage\":\"en-US\"}]}<\/script>\n<!-- \/ Yoast SEO plugin. -->","yoast_head_json":{"title":"Skills - Chantreuil","robots":{"index":"index","follow":"follow","max-snippet":"max-snippet:-1","max-image-preview":"max-image-preview:large","max-video-preview":"max-video-preview:-1"},"canonical":"https:\/\/chantreuil.fr\/en\/skills\/","og_locale":"en_US","og_type":"article","og_title":"Skills - Chantreuil","og_description":"Notre R\u00e9solution Rigoureux, flexible et d\u00e9termin\u00e9, notre groupe collabore en rang 1 (\u00e0 90% de notre activit\u00e9) avec de tr\u00e8s grands groupes industriels (Naval group, Siemens, Orano par exemple). Nos expertises et notre organisation formulent, dans un environnement complexe et le respect de leurs cahiers des charges d\u00e9taill\u00e9s, des r\u00e9ponses sp\u00e9cifiques. Au-del\u00e0, de la fabrication...","og_url":"https:\/\/chantreuil.fr\/en\/skills\/","og_site_name":"Chantreuil","article_modified_time":"2023-10-04T12:24:34+00:00","og_image":[{"url":"http:\/\/chantreuil.fr\/wp-content\/uploads\/2022\/07\/competences.jpg","type":"","width":"","height":""}],"twitter_card":"summary_large_image","twitter_misc":{"Est. reading time":"1 minute"},"schema":{"@context":"https:\/\/schema.org","@graph":[{"@type":"WebPage","@id":"https:\/\/chantreuil.fr\/en\/skills\/","url":"https:\/\/chantreuil.fr\/en\/skills\/","name":"Skills - Chantreuil","isPartOf":{"@id":"https:\/\/chantreuil.fr\/en\/#website"},"primaryImageOfPage":{"@id":"https:\/\/chantreuil.fr\/en\/skills\/#primaryimage"},"image":{"@id":"https:\/\/chantreuil.fr\/en\/skills\/#primaryimage"},"thumbnailUrl":"http:\/\/chantreuil.fr\/wp-content\/uploads\/2022\/07\/competences.jpg","datePublished":"2022-07-19T12:17:37+00:00","dateModified":"2023-10-04T12:24:34+00:00","breadcrumb":{"@id":"https:\/\/chantreuil.fr\/en\/skills\/#breadcrumb"},"inLanguage":"en-US","potentialAction":[{"@type":"ReadAction","target":["https:\/\/chantreuil.fr\/en\/skills\/"]}]},{"@type":"ImageObject","inLanguage":"en-US","@id":"https:\/\/chantreuil.fr\/en\/skills\/#primaryimage","url":"http:\/\/chantreuil.fr\/wp-content\/uploads\/2022\/07\/competences.jpg","contentUrl":"http:\/\/chantreuil.fr\/wp-content\/uploads\/2022\/07\/competences.jpg"},{"@type":"BreadcrumbList","@id":"https:\/\/chantreuil.fr\/en\/skills\/#breadcrumb","itemListElement":[{"@type":"ListItem","position":1,"name":"Accueil","item":"https:\/\/chantreuil.fr\/en\/"},{"@type":"ListItem","position":2,"name":"Skills"}]},{"@type":"WebSite","@id":"https:\/\/chantreuil.fr\/en\/#website","url":"https:\/\/chantreuil.fr\/en\/","name":"Chantreuil","description":"Au service des industries de pointe","potentialAction":[{"@type":"SearchAction","target":{"@type":"EntryPoint","urlTemplate":"https:\/\/chantreuil.fr\/en\/?s={search_term_string}"},"query-input":{"@type":"PropertyValueSpecification","valueRequired":true,"valueName":"search_term_string"}}],"inLanguage":"en-US"}]}},"_links":{"self":[{"href":"https:\/\/chantreuil.fr\/en\/wp-json\/wp\/v2\/pages\/282","targetHints":{"allow":["GET"]}}],"collection":[{"href":"https:\/\/chantreuil.fr\/en\/wp-json\/wp\/v2\/pages"}],"about":[{"href":"https:\/\/chantreuil.fr\/en\/wp-json\/wp\/v2\/types\/page"}],"author":[{"embeddable":true,"href":"https:\/\/chantreuil.fr\/en\/wp-json\/wp\/v2\/users\/1"}],"replies":[{"embeddable":true,"href":"https:\/\/chantreuil.fr\/en\/wp-json\/wp\/v2\/comments?post=282"}],"version-history":[{"count":4,"href":"https:\/\/chantreuil.fr\/en\/wp-json\/wp\/v2\/pages\/282\/revisions"}],"predecessor-version":[{"id":1294,"href":"https:\/\/chantreuil.fr\/en\/wp-json\/wp\/v2\/pages\/282\/revisions\/1294"}],"wp:attachment":[{"href":"https:\/\/chantreuil.fr\/en\/wp-json\/wp\/v2\/media?parent=282"}],"curies":[{"name":"wp","href":"https:\/\/api.w.org\/{rel}","templated":true}]}}